{"id":1223,"date":"2024-10-24T16:20:02","date_gmt":"2024-10-24T16:20:02","guid":{"rendered":"https:\/\/smeerkeeszonnebrandcreme.nl\/product\/personalisierte-sonnencremetuben-250-ml-eigenes-design\/"},"modified":"2024-10-24T16:20:02","modified_gmt":"2024-10-24T16:20:02","slug":"personalisierte-sonnencremetuben-250-ml-eigenes-design","status":"publish","type":"product","link":"https:\/\/smeerkeeszonnebrandcreme.nl\/de\/produkt\/personalisierte-sonnencremetuben-250-ml-eigenes-design\/","title":{"rendered":"Personalisierte Sonnencremetuben &#8211; 250 ml &#8211; Eigenes Design"},"content":{"rendered":"<p>Sind Sie an personalisierten Sonnenschutztuben interessiert? Kontaktieren Sie uns \u00fcber das Kontaktformular oder senden Sie eine E-Mail mit Ihren W\u00fcnschen an info@smeerkeeszonnebrandcreme.nl. <\/p>\n<p>Hinterlassen Sie einen bleibenden Eindruck mit unseren <strong>personalisierten Sonnenschutztuben<\/strong>. Gestalten Sie Ihr eigenes Etikett mit Firmenlogo, Veranstaltungsnamen oder einer einzigartigen Botschaft und bieten Sie Kunden, G\u00e4sten oder Mitarbeitern etwas, das sowohl praktisch als auch werbewirksam ist. Neben der 250ml-Variante sind die Flaschen auch in 50ml und 100ml erh\u00e4ltlich, die sich sowohl f\u00fcr kleine Werbegeschenke als auch f\u00fcr gr\u00f6\u00dfere Pr\u00e4sente eignen. Ideal f\u00fcr Gesundheits- und Pr\u00e4ventionskampagnen, die sich auf Hautschutz und Hautkrebspr\u00e4vention konzentrieren und ein effektives Branding mit einer wichtigen Gesundheitsbotschaft verbinden.   <\/p>\n<p><strong>Mindestbestellmenge 250 ml:<\/strong> 250 St\u00fcck.<\/p>\n<p><strong>Anwendungen:<\/strong><\/p>\n<ul>\n<li><strong>Gemeinden und Regierungsbeh\u00f6rden:<\/strong> Gemeinden k\u00f6nnen diese Sonnenschutztuben in Gesundheits- und Pr\u00e4ventionskampagnen verwenden, indem sie sie bei Veranstaltungen oder in Lebensmittelpaketen f\u00fcr gef\u00e4hrdete Gruppen verteilen, wie es bereits von GGDs und lokalen Beh\u00f6rden getan wird.<\/li>\n<li><strong>Unternehmenspromotionen:<\/strong> Ideal f\u00fcr Messen, Veranstaltungen oder als Firmengeschenk, das die Sichtbarkeit der Marke erh\u00f6ht und die Gesundheit f\u00f6rdert.<\/li>\n<li><strong>Veranstaltungen:<\/strong> Verleihen Sie Ihrer Marke auf Festivals, Sportveranstaltungen oder Strandpartys zus\u00e4tzliche Aufmerksamkeit, indem Sie Sonnencremetuben verteilen.<\/li>\n<li><strong>Hotels &amp; Resorts:<\/strong> Eine praktische Erg\u00e4nzung f\u00fcr Willkommenspakete oder als Produkt im Hotelshop.<\/li>\n<li><strong>Sportsponsoring:<\/strong> Perfekt f\u00fcr Sportveranstaltungen wie Marathons oder Beachvolleyball, um Ihre Marke zu bewerben.<\/li>\n<li><strong>Einrichtungen des Gesundheitswesens:<\/strong> Krankenh\u00e4user und Pflegezentren k\u00f6nnen die Flaschen im Rahmen von Gesundheitsinitiativen mit ihrem eigenen Logo oder ihrer Kampagnenbotschaft verwenden.<\/li>\n<\/ul>\n<p><strong>Alle verf\u00fcgbaren Formate:<\/strong><\/p>\n<ul>\n<li><strong>50ml:<\/strong> perfekt f\u00fcr Handtaschen, Festivals oder als Werbegeschenk bei Promotion-Aktionen &#8211; ab 500 St\u00fcck<\/li>\n<li><strong>100ml:<\/strong> Eine mittlere Gr\u00f6\u00dfe, ideal f\u00fcr Sportveranstaltungen, Reisen oder als Standardprodukt in Geschenkpackungen &#8211; ab 3500 St\u00fcck<\/li>\n<li><strong>250ml:<\/strong> F\u00fcr den langfristigen Gebrauch, ideal f\u00fcr Familien oder in Umgebungen wie Hotels, Schwimmb\u00e4dern oder Campingpl\u00e4tzen &#8211; ab 250 St\u00fcck<\/li>\n<\/ul>\n<p>F\u00fcgen Sie Ihr Design hinzu und schaffen Sie eine praktische, wertvolle und auff\u00e4llige Werbung f\u00fcr Ihr Unternehmen oder Ihre Marke, w\u00e4hrend Sie gleichzeitig dazu beitragen, das Bewusstsein f\u00fcr Hautschutz und Hautkrebspr\u00e4vention zu erh\u00f6hen!<\/p>\n","protected":false},"excerpt":{"rendered":"<p>Sind Sie an personalisierten Sonnenschutztuben interessiert? Kontaktieren Sie uns \u00fcber das Kontaktformular oder senden Sie eine E-Mail mit Ihren W\u00fcnschen an info@smeerkeeszonnebrandcreme.nl. Hinterlassen Sie einen bleibenden Eindruck mit unseren personalisierten Sonnenschutztuben. Gestalten Sie Ihr eigenes Etikett mit Firmenlogo, Veranstaltungsnamen oder einer einzigartigen Botschaft und bieten Sie Kunden, G\u00e4sten oder Mitarbeitern etwas, das sowohl praktisch als [&hellip;]<\/p>\n","protected":false},"featured_media":1016,"template":"","meta":{"_acf_changed":false},"product_brand":[],"product_cat":[51],"product_tag":[],"class_list":{"0":"post-1223","1":"product","2":"type-product","3":"status-publish","4":"has-post-thumbnail","6":"product_cat-markentuben","8":"first","9":"instock","10":"taxable","11":"shipping-taxable","12":"product-type-simple"},"acf":[],"yoast_head":"<!-- This site is optimized with the Yoast SEO plugin v27.3 - https:\/\/yoast.com\/product\/yoast-seo-wordpress\/ -->\n<title>Personalisierte Sonnencremetuben - 250 ml - Eigenes Design - Sunny Paul Sonnencreme<\/title>\n<meta name=\"robots\" content=\"index, follow, max-snippet:-1, max-image-preview:large, max-video-preview:-1\" \/>\n<link rel=\"canonical\" href=\"https:\/\/smeerkeeszonnebrandcreme.nl\/de\/produkt\/personalisierte-sonnencremetuben-250-ml-eigenes-design\/\" \/>\n<meta property=\"og:locale\" content=\"de_DE\" \/>\n<meta property=\"og:type\" content=\"article\" \/>\n<meta property=\"og:title\" content=\"Personalisierte Sonnencremetuben - 250 ml - Eigenes Design - Sunny Paul Sonnencreme\" \/>\n<meta property=\"og:description\" content=\"Sind Sie an personalisierten Sonnenschutztuben interessiert? Kontaktieren Sie uns \u00fcber das Kontaktformular oder senden Sie eine E-Mail mit Ihren W\u00fcnschen an info@smeerkeeszonnebrandcreme.nl. Hinterlassen Sie einen bleibenden Eindruck mit unseren personalisierten Sonnenschutztuben. Gestalten Sie Ihr eigenes Etikett mit Firmenlogo, Veranstaltungsnamen oder einer einzigartigen Botschaft und bieten Sie Kunden, G\u00e4sten oder Mitarbeitern etwas, das sowohl praktisch als [&hellip;]\" \/>\n<meta property=\"og:url\" content=\"https:\/\/smeerkeeszonnebrandcreme.nl\/de\/produkt\/personalisierte-sonnencremetuben-250-ml-eigenes-design\/\" \/>\n<meta property=\"og:site_name\" content=\"Sunny Paul Sonnencreme\" \/>\n<meta property=\"og:image\" content=\"https:\/\/smeerkeeszonnebrandcreme.nl\/app\/uploads\/2024\/10\/Smeerkees-Bottle-with-pump-dispenser-250ml.png\" \/>\n\t<meta property=\"og:image:width\" content=\"1304\" \/>\n\t<meta property=\"og:image:height\" content=\"1790\" \/>\n\t<meta property=\"og:image:type\" content=\"image\/png\" \/>\n<meta name=\"twitter:card\" content=\"summary_large_image\" \/>\n<meta name=\"twitter:label1\" content=\"Est. reading time\" \/>\n\t<meta name=\"twitter:data1\" content=\"2 minutes\" \/>\n<script type=\"application\/ld+json\" class=\"yoast-schema-graph\">{\"@context\":\"https:\\\/\\\/schema.org\",\"@graph\":[{\"@type\":\"WebPage\",\"@id\":\"https:\\\/\\\/smeerkeeszonnebrandcreme.nl\\\/de\\\/produkt\\\/personalisierte-sonnencremetuben-250-ml-eigenes-design\\\/\",\"url\":\"https:\\\/\\\/smeerkeeszonnebrandcreme.nl\\\/de\\\/produkt\\\/personalisierte-sonnencremetuben-250-ml-eigenes-design\\\/\",\"name\":\"Personalisierte Sonnencremetuben - 250 ml - Eigenes Design - Sunny Paul Sonnencreme\",\"isPartOf\":{\"@id\":\"https:\\\/\\\/smeerkeeszonnebrandcreme.nl\\\/de\\\/#website\"},\"primaryImageOfPage\":{\"@id\":\"https:\\\/\\\/smeerkeeszonnebrandcreme.nl\\\/de\\\/produkt\\\/personalisierte-sonnencremetuben-250-ml-eigenes-design\\\/#primaryimage\"},\"image\":{\"@id\":\"https:\\\/\\\/smeerkeeszonnebrandcreme.nl\\\/de\\\/produkt\\\/personalisierte-sonnencremetuben-250-ml-eigenes-design\\\/#primaryimage\"},\"thumbnailUrl\":\"https:\\\/\\\/smeerkeeszonnebrandcreme.nl\\\/app\\\/uploads\\\/2024\\\/10\\\/Smeerkees-Bottle-with-pump-dispenser-250ml.png\",\"datePublished\":\"2024-10-24T16:20:02+00:00\",\"breadcrumb\":{\"@id\":\"https:\\\/\\\/smeerkeeszonnebrandcreme.nl\\\/de\\\/produkt\\\/personalisierte-sonnencremetuben-250-ml-eigenes-design\\\/#breadcrumb\"},\"inLanguage\":\"de-DE\",\"potentialAction\":[{\"@type\":\"ReadAction\",\"target\":[\"https:\\\/\\\/smeerkeeszonnebrandcreme.nl\\\/de\\\/produkt\\\/personalisierte-sonnencremetuben-250-ml-eigenes-design\\\/\"]}]},{\"@type\":\"ImageObject\",\"inLanguage\":\"de-DE\",\"@id\":\"https:\\\/\\\/smeerkeeszonnebrandcreme.nl\\\/de\\\/produkt\\\/personalisierte-sonnencremetuben-250-ml-eigenes-design\\\/#primaryimage\",\"url\":\"https:\\\/\\\/smeerkeeszonnebrandcreme.nl\\\/app\\\/uploads\\\/2024\\\/10\\\/Smeerkees-Bottle-with-pump-dispenser-250ml.png\",\"contentUrl\":\"https:\\\/\\\/smeerkeeszonnebrandcreme.nl\\\/app\\\/uploads\\\/2024\\\/10\\\/Smeerkees-Bottle-with-pump-dispenser-250ml.png\",\"width\":1304,\"height\":1790,\"caption\":\"Handliches 250ml Sonnenschutzmittel mit Pumpe von Smeerkees, ideal f\u00fcr die intensive Nutzung im Freien und die gemeinsame Nutzung vor Ort\"},{\"@type\":\"BreadcrumbList\",\"@id\":\"https:\\\/\\\/smeerkeeszonnebrandcreme.nl\\\/de\\\/produkt\\\/personalisierte-sonnencremetuben-250-ml-eigenes-design\\\/#breadcrumb\",\"itemListElement\":[{\"@type\":\"ListItem\",\"position\":1,\"name\":\"Startseite\",\"item\":\"https:\\\/\\\/smeerkeeszonnebrandcreme.nl\\\/de\\\/\"},{\"@type\":\"ListItem\",\"position\":2,\"name\":\"Shop\",\"item\":\"https:\\\/\\\/smeerkeeszonnebrandcreme.nl\\\/de\\\/shop\\\/\"},{\"@type\":\"ListItem\",\"position\":3,\"name\":\"Personalisierte Sonnencremetuben &#8211; 250 ml &#8211; Eigenes Design\"}]},{\"@type\":\"WebSite\",\"@id\":\"https:\\\/\\\/smeerkeeszonnebrandcreme.nl\\\/de\\\/#website\",\"url\":\"https:\\\/\\\/smeerkeeszonnebrandcreme.nl\\\/de\\\/\",\"name\":\"Sunny Paul Sonnencreme\",\"description\":\"Smeer vandaag. Straal morgen.\",\"potentialAction\":[{\"@type\":\"SearchAction\",\"target\":{\"@type\":\"EntryPoint\",\"urlTemplate\":\"https:\\\/\\\/smeerkeeszonnebrandcreme.nl\\\/de\\\/?s={search_term_string}\"},\"query-input\":{\"@type\":\"PropertyValueSpecification\",\"valueRequired\":true,\"valueName\":\"search_term_string\"}}],\"inLanguage\":\"de-DE\"}]}<\/script>\n<!-- \/ Yoast SEO plugin. -->","yoast_head_json":{"title":"Personalisierte Sonnencremetuben - 250 ml - Eigenes Design - Sunny Paul Sonnencreme","robots":{"index":"index","follow":"follow","max-snippet":"max-snippet:-1","max-image-preview":"max-image-preview:large","max-video-preview":"max-video-preview:-1"},"canonical":"https:\/\/smeerkeeszonnebrandcreme.nl\/de\/produkt\/personalisierte-sonnencremetuben-250-ml-eigenes-design\/","og_locale":"de_DE","og_type":"article","og_title":"Personalisierte Sonnencremetuben - 250 ml - Eigenes Design - Sunny Paul Sonnencreme","og_description":"Sind Sie an personalisierten Sonnenschutztuben interessiert? Kontaktieren Sie uns \u00fcber das Kontaktformular oder senden Sie eine E-Mail mit Ihren W\u00fcnschen an info@smeerkeeszonnebrandcreme.nl. Hinterlassen Sie einen bleibenden Eindruck mit unseren personalisierten Sonnenschutztuben. Gestalten Sie Ihr eigenes Etikett mit Firmenlogo, Veranstaltungsnamen oder einer einzigartigen Botschaft und bieten Sie Kunden, G\u00e4sten oder Mitarbeitern etwas, das sowohl praktisch als [&hellip;]","og_url":"https:\/\/smeerkeeszonnebrandcreme.nl\/de\/produkt\/personalisierte-sonnencremetuben-250-ml-eigenes-design\/","og_site_name":"Sunny Paul Sonnencreme","og_image":[{"width":1304,"height":1790,"url":"https:\/\/smeerkeeszonnebrandcreme.nl\/app\/uploads\/2024\/10\/Smeerkees-Bottle-with-pump-dispenser-250ml.png","type":"image\/png"}],"twitter_card":"summary_large_image","twitter_misc":{"Est. reading time":"2 minutes"},"schema":{"@context":"https:\/\/schema.org","@graph":[{"@type":"WebPage","@id":"https:\/\/smeerkeeszonnebrandcreme.nl\/de\/produkt\/personalisierte-sonnencremetuben-250-ml-eigenes-design\/","url":"https:\/\/smeerkeeszonnebrandcreme.nl\/de\/produkt\/personalisierte-sonnencremetuben-250-ml-eigenes-design\/","name":"Personalisierte Sonnencremetuben - 250 ml - Eigenes Design - Sunny Paul Sonnencreme","isPartOf":{"@id":"https:\/\/smeerkeeszonnebrandcreme.nl\/de\/#website"},"primaryImageOfPage":{"@id":"https:\/\/smeerkeeszonnebrandcreme.nl\/de\/produkt\/personalisierte-sonnencremetuben-250-ml-eigenes-design\/#primaryimage"},"image":{"@id":"https:\/\/smeerkeeszonnebrandcreme.nl\/de\/produkt\/personalisierte-sonnencremetuben-250-ml-eigenes-design\/#primaryimage"},"thumbnailUrl":"https:\/\/smeerkeeszonnebrandcreme.nl\/app\/uploads\/2024\/10\/Smeerkees-Bottle-with-pump-dispenser-250ml.png","datePublished":"2024-10-24T16:20:02+00:00","breadcrumb":{"@id":"https:\/\/smeerkeeszonnebrandcreme.nl\/de\/produkt\/personalisierte-sonnencremetuben-250-ml-eigenes-design\/#breadcrumb"},"inLanguage":"de-DE","potentialAction":[{"@type":"ReadAction","target":["https:\/\/smeerkeeszonnebrandcreme.nl\/de\/produkt\/personalisierte-sonnencremetuben-250-ml-eigenes-design\/"]}]},{"@type":"ImageObject","inLanguage":"de-DE","@id":"https:\/\/smeerkeeszonnebrandcreme.nl\/de\/produkt\/personalisierte-sonnencremetuben-250-ml-eigenes-design\/#primaryimage","url":"https:\/\/smeerkeeszonnebrandcreme.nl\/app\/uploads\/2024\/10\/Smeerkees-Bottle-with-pump-dispenser-250ml.png","contentUrl":"https:\/\/smeerkeeszonnebrandcreme.nl\/app\/uploads\/2024\/10\/Smeerkees-Bottle-with-pump-dispenser-250ml.png","width":1304,"height":1790,"caption":"Handliches 250ml Sonnenschutzmittel mit Pumpe von Smeerkees, ideal f\u00fcr die intensive Nutzung im Freien und die gemeinsame Nutzung vor Ort"},{"@type":"BreadcrumbList","@id":"https:\/\/smeerkeeszonnebrandcreme.nl\/de\/produkt\/personalisierte-sonnencremetuben-250-ml-eigenes-design\/#breadcrumb","itemListElement":[{"@type":"ListItem","position":1,"name":"Startseite","item":"https:\/\/smeerkeeszonnebrandcreme.nl\/de\/"},{"@type":"ListItem","position":2,"name":"Shop","item":"https:\/\/smeerkeeszonnebrandcreme.nl\/de\/shop\/"},{"@type":"ListItem","position":3,"name":"Personalisierte Sonnencremetuben &#8211; 250 ml &#8211; Eigenes Design"}]},{"@type":"WebSite","@id":"https:\/\/smeerkeeszonnebrandcreme.nl\/de\/#website","url":"https:\/\/smeerkeeszonnebrandcreme.nl\/de\/","name":"Sunny Paul Sonnencreme","description":"Smeer vandaag. Straal morgen.","potentialAction":[{"@type":"SearchAction","target":{"@type":"EntryPoint","urlTemplate":"https:\/\/smeerkeeszonnebrandcreme.nl\/de\/?s={search_term_string}"},"query-input":{"@type":"PropertyValueSpecification","valueRequired":true,"valueName":"search_term_string"}}],"inLanguage":"de-DE"}]}},"_links":{"self":[{"href":"https:\/\/smeerkeeszonnebrandcreme.nl\/de\/wp-json\/wp\/v2\/product\/1223","targetHints":{"allow":["GET"]}}],"collection":[{"href":"https:\/\/smeerkeeszonnebrandcreme.nl\/de\/wp-json\/wp\/v2\/product"}],"about":[{"href":"https:\/\/smeerkeeszonnebrandcreme.nl\/de\/wp-json\/wp\/v2\/types\/product"}],"wp:featuredmedia":[{"embeddable":true,"href":"https:\/\/smeerkeeszonnebrandcreme.nl\/de\/wp-json\/wp\/v2\/media\/1016"}],"wp:attachment":[{"href":"https:\/\/smeerkeeszonnebrandcreme.nl\/de\/wp-json\/wp\/v2\/media?parent=1223"}],"wp:term":[{"taxonomy":"product_brand","embeddable":true,"href":"https:\/\/smeerkeeszonnebrandcreme.nl\/de\/wp-json\/wp\/v2\/product_brand?post=1223"},{"taxonomy":"product_cat","embeddable":true,"href":"https:\/\/smeerkeeszonnebrandcreme.nl\/de\/wp-json\/wp\/v2\/product_cat?post=1223"},{"taxonomy":"product_tag","embeddable":true,"href":"https:\/\/smeerkeeszonnebrandcreme.nl\/de\/wp-json\/wp\/v2\/product_tag?post=1223"}],"curies":[{"name":"wp","href":"https:\/\/api.w.org\/{rel}","templated":true}]}}