{"id":1218,"date":"2024-02-08T18:45:36","date_gmt":"2024-02-08T18:45:36","guid":{"rendered":"https:\/\/smeerkeeszonnebrandcreme.nl\/product\/sonnenschutzbeutel-5000-stueck-kundenspezifisch\/"},"modified":"2024-02-08T18:45:36","modified_gmt":"2024-02-08T18:45:36","slug":"sonnenschutzbeutel-5000-stueck-kundenspezifisch","status":"publish","type":"product","link":"https:\/\/smeerkeeszonnebrandcreme.nl\/de\/produkt\/sonnenschutzbeutel-5000-stueck-kundenspezifisch\/","title":{"rendered":"Sonnenschutzbeutel &#8211; 5000 St\u00fcck &#8211; Kundenspezifisch"},"content":{"rendered":"<p>Gestalten Sie Ihre eigenen personalisierten Sonnenschutzbeutel! F\u00fcgen Sie Ihre eigene Farbe, Ihr Logo und Ihren Slogan hinzu und verleihen Sie ihnen eine einzigartige Note. Bestellen Sie jetzt und wir kontaktieren Sie f\u00fcr das Design. Machen Sie das Verteilen von Sonnenschutzmitteln pers\u00f6nlicher und effektiver!   <\/p>\n<ul>\n<li>Gerade genug f\u00fcr Kopf, Nacken, Schultern, Arme und Unterschenkel;<\/li>\n<li>Geeignet f\u00fcr Gesicht und K\u00f6rper;<\/li>\n<li>Sch\u00fctzt vor UV-A und UV-B;<\/li>\n<li>Gluten- und tierfrei;<\/li>\n<li>Wasserfest;<\/li>\n<li>Die nat\u00fcrlichen Inhaltsstoffe der Creme sind biologisch;<\/li>\n<li>Enth\u00e4lt keine chemischen oder petrochemischen synthetischen Derivate, Parabene oder Silikone, Paraffin oder Vaseline.<\/li>\n<\/ul>\n<p>Die voraussichtliche Lieferzeit betr\u00e4gt etwa 6 Wochen nach der Bestellung.<\/p>\n","protected":false},"excerpt":{"rendered":"<p>Mit den Smeerkees-Sonnencremebeuteln lassen Sie Ihre G\u00e4ste unbeschwert die Sonne genie\u00dfen. Zur Integration in die (Online-)Speisekarte oder als Service bei sonnigem Wetter! Zeigen Sie, dass Sie sich um das Wohlbefinden Ihrer G\u00e4ste k\u00fcmmern?  <\/p>\n","protected":false},"featured_media":601,"template":"","meta":{"_acf_changed":false},"product_brand":[],"product_cat":[59],"product_tag":[],"class_list":{"0":"post-1218","1":"product","2":"type-product","3":"status-publish","4":"has-post-thumbnail","6":"product_cat-sachets","8":"first","9":"instock","10":"taxable","11":"shipping-taxable","12":"purchasable","13":"product-type-simple"},"acf":[],"yoast_head":"<!-- This site is optimized with the Yoast SEO plugin v27.3 - https:\/\/yoast.com\/product\/yoast-seo-wordpress\/ -->\n<title>Sonnenschutzbeutel - 5000 St\u00fcck - Kundenspezifisch - Sunny Paul Sonnencreme<\/title>\n<meta name=\"robots\" content=\"index, follow, max-snippet:-1, max-image-preview:large, max-video-preview:-1\" \/>\n<link rel=\"canonical\" href=\"https:\/\/smeerkeeszonnebrandcreme.nl\/de\/produkt\/sonnenschutzbeutel-5000-stueck-kundenspezifisch\/\" \/>\n<meta property=\"og:locale\" content=\"de_DE\" \/>\n<meta property=\"og:type\" content=\"article\" \/>\n<meta property=\"og:title\" content=\"Sonnenschutzbeutel - 5000 St\u00fcck - Kundenspezifisch - Sunny Paul Sonnencreme\" \/>\n<meta property=\"og:description\" content=\"Mit den Smeerkees-Sonnencremebeuteln lassen Sie Ihre G\u00e4ste unbeschwert die Sonne genie\u00dfen. Zur Integration in die (Online-)Speisekarte oder als Service bei sonnigem Wetter! Zeigen Sie, dass Sie sich um das Wohlbefinden Ihrer G\u00e4ste k\u00fcmmern?\" \/>\n<meta property=\"og:url\" content=\"https:\/\/smeerkeeszonnebrandcreme.nl\/de\/produkt\/sonnenschutzbeutel-5000-stueck-kundenspezifisch\/\" \/>\n<meta property=\"og:site_name\" content=\"Sunny Paul Sonnencreme\" \/>\n<meta property=\"og:image\" content=\"https:\/\/smeerkeeszonnebrandcreme.nl\/app\/uploads\/2026\/01\/sachets-5000.png\" \/>\n\t<meta property=\"og:image:width\" content=\"688\" \/>\n\t<meta property=\"og:image:height\" content=\"688\" \/>\n\t<meta property=\"og:image:type\" content=\"image\/png\" \/>\n<meta name=\"twitter:card\" content=\"summary_large_image\" \/>\n<meta name=\"twitter:label1\" content=\"Est. reading time\" \/>\n\t<meta name=\"twitter:data1\" content=\"1 minute\" \/>\n<script type=\"application\/ld+json\" class=\"yoast-schema-graph\">{\"@context\":\"https:\\\/\\\/schema.org\",\"@graph\":[{\"@type\":\"WebPage\",\"@id\":\"https:\\\/\\\/smeerkeeszonnebrandcreme.nl\\\/de\\\/produkt\\\/sonnenschutzbeutel-5000-stueck-kundenspezifisch\\\/\",\"url\":\"https:\\\/\\\/smeerkeeszonnebrandcreme.nl\\\/de\\\/produkt\\\/sonnenschutzbeutel-5000-stueck-kundenspezifisch\\\/\",\"name\":\"Sonnenschutzbeutel - 5000 St\u00fcck - Kundenspezifisch - Sunny Paul Sonnencreme\",\"isPartOf\":{\"@id\":\"https:\\\/\\\/smeerkeeszonnebrandcreme.nl\\\/de\\\/#website\"},\"primaryImageOfPage\":{\"@id\":\"https:\\\/\\\/smeerkeeszonnebrandcreme.nl\\\/de\\\/produkt\\\/sonnenschutzbeutel-5000-stueck-kundenspezifisch\\\/#primaryimage\"},\"image\":{\"@id\":\"https:\\\/\\\/smeerkeeszonnebrandcreme.nl\\\/de\\\/produkt\\\/sonnenschutzbeutel-5000-stueck-kundenspezifisch\\\/#primaryimage\"},\"thumbnailUrl\":\"https:\\\/\\\/smeerkeeszonnebrandcreme.nl\\\/app\\\/uploads\\\/2026\\\/01\\\/sachets-5000.png\",\"datePublished\":\"2024-02-08T18:45:36+00:00\",\"breadcrumb\":{\"@id\":\"https:\\\/\\\/smeerkeeszonnebrandcreme.nl\\\/de\\\/produkt\\\/sonnenschutzbeutel-5000-stueck-kundenspezifisch\\\/#breadcrumb\"},\"inLanguage\":\"de-DE\",\"potentialAction\":[{\"@type\":\"ReadAction\",\"target\":[\"https:\\\/\\\/smeerkeeszonnebrandcreme.nl\\\/de\\\/produkt\\\/sonnenschutzbeutel-5000-stueck-kundenspezifisch\\\/\"]}]},{\"@type\":\"ImageObject\",\"inLanguage\":\"de-DE\",\"@id\":\"https:\\\/\\\/smeerkeeszonnebrandcreme.nl\\\/de\\\/produkt\\\/sonnenschutzbeutel-5000-stueck-kundenspezifisch\\\/#primaryimage\",\"url\":\"https:\\\/\\\/smeerkeeszonnebrandcreme.nl\\\/app\\\/uploads\\\/2026\\\/01\\\/sachets-5000.png\",\"contentUrl\":\"https:\\\/\\\/smeerkeeszonnebrandcreme.nl\\\/app\\\/uploads\\\/2026\\\/01\\\/sachets-5000.png\",\"width\":688,\"height\":688},{\"@type\":\"BreadcrumbList\",\"@id\":\"https:\\\/\\\/smeerkeeszonnebrandcreme.nl\\\/de\\\/produkt\\\/sonnenschutzbeutel-5000-stueck-kundenspezifisch\\\/#breadcrumb\",\"itemListElement\":[{\"@type\":\"ListItem\",\"position\":1,\"name\":\"Startseite\",\"item\":\"https:\\\/\\\/smeerkeeszonnebrandcreme.nl\\\/de\\\/\"},{\"@type\":\"ListItem\",\"position\":2,\"name\":\"Shop\",\"item\":\"https:\\\/\\\/smeerkeeszonnebrandcreme.nl\\\/de\\\/shop\\\/\"},{\"@type\":\"ListItem\",\"position\":3,\"name\":\"Sonnenschutzbeutel &#8211; 5000 St\u00fcck &#8211; Kundenspezifisch\"}]},{\"@type\":\"WebSite\",\"@id\":\"https:\\\/\\\/smeerkeeszonnebrandcreme.nl\\\/de\\\/#website\",\"url\":\"https:\\\/\\\/smeerkeeszonnebrandcreme.nl\\\/de\\\/\",\"name\":\"Sunny Paul Sonnencreme\",\"description\":\"Smeer vandaag. Straal morgen.\",\"potentialAction\":[{\"@type\":\"SearchAction\",\"target\":{\"@type\":\"EntryPoint\",\"urlTemplate\":\"https:\\\/\\\/smeerkeeszonnebrandcreme.nl\\\/de\\\/?s={search_term_string}\"},\"query-input\":{\"@type\":\"PropertyValueSpecification\",\"valueRequired\":true,\"valueName\":\"search_term_string\"}}],\"inLanguage\":\"de-DE\"}]}<\/script>\n<!-- \/ Yoast SEO plugin. -->","yoast_head_json":{"title":"Sonnenschutzbeutel - 5000 St\u00fcck - Kundenspezifisch - Sunny Paul Sonnencreme","robots":{"index":"index","follow":"follow","max-snippet":"max-snippet:-1","max-image-preview":"max-image-preview:large","max-video-preview":"max-video-preview:-1"},"canonical":"https:\/\/smeerkeeszonnebrandcreme.nl\/de\/produkt\/sonnenschutzbeutel-5000-stueck-kundenspezifisch\/","og_locale":"de_DE","og_type":"article","og_title":"Sonnenschutzbeutel - 5000 St\u00fcck - Kundenspezifisch - Sunny Paul Sonnencreme","og_description":"Mit den Smeerkees-Sonnencremebeuteln lassen Sie Ihre G\u00e4ste unbeschwert die Sonne genie\u00dfen. Zur Integration in die (Online-)Speisekarte oder als Service bei sonnigem Wetter! Zeigen Sie, dass Sie sich um das Wohlbefinden Ihrer G\u00e4ste k\u00fcmmern?","og_url":"https:\/\/smeerkeeszonnebrandcreme.nl\/de\/produkt\/sonnenschutzbeutel-5000-stueck-kundenspezifisch\/","og_site_name":"Sunny Paul Sonnencreme","og_image":[{"width":688,"height":688,"url":"https:\/\/smeerkeeszonnebrandcreme.nl\/app\/uploads\/2026\/01\/sachets-5000.png","type":"image\/png"}],"twitter_card":"summary_large_image","twitter_misc":{"Est. reading time":"1 minute"},"schema":{"@context":"https:\/\/schema.org","@graph":[{"@type":"WebPage","@id":"https:\/\/smeerkeeszonnebrandcreme.nl\/de\/produkt\/sonnenschutzbeutel-5000-stueck-kundenspezifisch\/","url":"https:\/\/smeerkeeszonnebrandcreme.nl\/de\/produkt\/sonnenschutzbeutel-5000-stueck-kundenspezifisch\/","name":"Sonnenschutzbeutel - 5000 St\u00fcck - Kundenspezifisch - Sunny Paul Sonnencreme","isPartOf":{"@id":"https:\/\/smeerkeeszonnebrandcreme.nl\/de\/#website"},"primaryImageOfPage":{"@id":"https:\/\/smeerkeeszonnebrandcreme.nl\/de\/produkt\/sonnenschutzbeutel-5000-stueck-kundenspezifisch\/#primaryimage"},"image":{"@id":"https:\/\/smeerkeeszonnebrandcreme.nl\/de\/produkt\/sonnenschutzbeutel-5000-stueck-kundenspezifisch\/#primaryimage"},"thumbnailUrl":"https:\/\/smeerkeeszonnebrandcreme.nl\/app\/uploads\/2026\/01\/sachets-5000.png","datePublished":"2024-02-08T18:45:36+00:00","breadcrumb":{"@id":"https:\/\/smeerkeeszonnebrandcreme.nl\/de\/produkt\/sonnenschutzbeutel-5000-stueck-kundenspezifisch\/#breadcrumb"},"inLanguage":"de-DE","potentialAction":[{"@type":"ReadAction","target":["https:\/\/smeerkeeszonnebrandcreme.nl\/de\/produkt\/sonnenschutzbeutel-5000-stueck-kundenspezifisch\/"]}]},{"@type":"ImageObject","inLanguage":"de-DE","@id":"https:\/\/smeerkeeszonnebrandcreme.nl\/de\/produkt\/sonnenschutzbeutel-5000-stueck-kundenspezifisch\/#primaryimage","url":"https:\/\/smeerkeeszonnebrandcreme.nl\/app\/uploads\/2026\/01\/sachets-5000.png","contentUrl":"https:\/\/smeerkeeszonnebrandcreme.nl\/app\/uploads\/2026\/01\/sachets-5000.png","width":688,"height":688},{"@type":"BreadcrumbList","@id":"https:\/\/smeerkeeszonnebrandcreme.nl\/de\/produkt\/sonnenschutzbeutel-5000-stueck-kundenspezifisch\/#breadcrumb","itemListElement":[{"@type":"ListItem","position":1,"name":"Startseite","item":"https:\/\/smeerkeeszonnebrandcreme.nl\/de\/"},{"@type":"ListItem","position":2,"name":"Shop","item":"https:\/\/smeerkeeszonnebrandcreme.nl\/de\/shop\/"},{"@type":"ListItem","position":3,"name":"Sonnenschutzbeutel &#8211; 5000 St\u00fcck &#8211; Kundenspezifisch"}]},{"@type":"WebSite","@id":"https:\/\/smeerkeeszonnebrandcreme.nl\/de\/#website","url":"https:\/\/smeerkeeszonnebrandcreme.nl\/de\/","name":"Sunny Paul Sonnencreme","description":"Smeer vandaag. Straal morgen.","potentialAction":[{"@type":"SearchAction","target":{"@type":"EntryPoint","urlTemplate":"https:\/\/smeerkeeszonnebrandcreme.nl\/de\/?s={search_term_string}"},"query-input":{"@type":"PropertyValueSpecification","valueRequired":true,"valueName":"search_term_string"}}],"inLanguage":"de-DE"}]}},"_links":{"self":[{"href":"https:\/\/smeerkeeszonnebrandcreme.nl\/de\/wp-json\/wp\/v2\/product\/1218","targetHints":{"allow":["GET"]}}],"collection":[{"href":"https:\/\/smeerkeeszonnebrandcreme.nl\/de\/wp-json\/wp\/v2\/product"}],"about":[{"href":"https:\/\/smeerkeeszonnebrandcreme.nl\/de\/wp-json\/wp\/v2\/types\/product"}],"wp:featuredmedia":[{"embeddable":true,"href":"https:\/\/smeerkeeszonnebrandcreme.nl\/de\/wp-json\/wp\/v2\/media\/601"}],"wp:attachment":[{"href":"https:\/\/smeerkeeszonnebrandcreme.nl\/de\/wp-json\/wp\/v2\/media?parent=1218"}],"wp:term":[{"taxonomy":"product_brand","embeddable":true,"href":"https:\/\/smeerkeeszonnebrandcreme.nl\/de\/wp-json\/wp\/v2\/product_brand?post=1218"},{"taxonomy":"product_cat","embeddable":true,"href":"https:\/\/smeerkeeszonnebrandcreme.nl\/de\/wp-json\/wp\/v2\/product_cat?post=1218"},{"taxonomy":"product_tag","embeddable":true,"href":"https:\/\/smeerkeeszonnebrandcreme.nl\/de\/wp-json\/wp\/v2\/product_tag?post=1218"}],"curies":[{"name":"wp","href":"https:\/\/api.w.org\/{rel}","templated":true}]}}