{"id":1209,"date":"2025-02-18T12:47:29","date_gmt":"2025-02-18T12:47:29","guid":{"rendered":"https:\/\/smeerkeeszonnebrandcreme.nl\/product\/sonnencreme-spender\/"},"modified":"2025-02-18T12:47:29","modified_gmt":"2025-02-18T12:47:29","slug":"sonnencreme-spender","status":"publish","type":"product","link":"https:\/\/smeerkeeszonnebrandcreme.nl\/de\/produkt\/sonnencreme-spender\/","title":{"rendered":"Sonnencreme-Spender"},"content":{"rendered":"<ul>\n<li>Stabiler Sockel im Lieferumfang enthalten &#8211; f\u00fcr eine stabile Aufstellung und langfristige Nutzung.<\/li>\n<li>Inklusive stabilem Standfu\u00df aus Aluminium &#8211; einfach zu platzieren<\/li>\n<li>Effiziente Dosierung &#8211; 1-Liter-Beh\u00e4lter, gut f\u00fcr 1000 Dosen pro Nachf\u00fcllung<\/li>\n<li>Benutzerfreundlich &#8211; einfach zu pflegen mit Nachf\u00fcllpackungen<\/li>\n<li>Frei personalisierbar &#8211; mit einer Informationsbrosch\u00fcre zur Sensibilisierung<\/li>\n<\/ul>\n<h3>Merkmale:<\/h3>\n<ul>\n<li>Druckknopf<\/li>\n<li>H\u00f6he: 1,67 mtr.<\/li>\n<li>Gewicht 6 kg.<\/li>\n<\/ul>\n","protected":false},"excerpt":{"rendered":"<p><span class=\"OYPEnA font-feature-liga-off font-feature-clig-off font-feature-calt-off text-decoration-none text-strikethrough-none\">Gemeinden und Organisationen k\u00f6nnen mit den Smeerkees Sonnenschutzspendern ganz einfach strukturellen und zug\u00e4nglichen Sonnenschutz an Orten bereitstellen, an denen viele Menschen zusammenkommen. Ideal f\u00fcr Schulen, Sportvereine und halb\u00f6ffentliche Bereiche, in denen Aufsichtspersonen anwesend sind. Die Spender bieten eine hygienische und nachhaltige L\u00f6sung, um Bewohner und Besucher vor sch\u00e4dlicher UV-Strahlung zu sch\u00fctzen.  <\/span><\/p>\n","protected":false},"featured_media":528,"template":"","meta":{"_acf_changed":false},"product_brand":[],"product_cat":[53],"product_tag":[],"class_list":{"0":"post-1209","1":"product","2":"type-product","3":"status-publish","4":"has-post-thumbnail","6":"product_cat-dispenser","8":"first","9":"instock","10":"taxable","11":"shipping-taxable","12":"purchasable","13":"product-type-simple"},"acf":[],"yoast_head":"<!-- This site is optimized with the Yoast SEO plugin v27.3 - https:\/\/yoast.com\/product\/yoast-seo-wordpress\/ -->\n<title>Sonnencreme-Spender - Sunny Paul Sonnencreme<\/title>\n<meta name=\"robots\" content=\"index, follow, max-snippet:-1, max-image-preview:large, max-video-preview:-1\" \/>\n<link rel=\"canonical\" href=\"https:\/\/smeerkeeszonnebrandcreme.nl\/de\/produkt\/sonnencreme-spender\/\" \/>\n<meta property=\"og:locale\" content=\"de_DE\" \/>\n<meta property=\"og:type\" content=\"article\" \/>\n<meta property=\"og:title\" content=\"Sonnencreme-Spender - Sunny Paul Sonnencreme\" \/>\n<meta property=\"og:description\" content=\"Gemeinden und Organisationen k\u00f6nnen mit den Smeerkees Sonnenschutzspendern ganz einfach strukturellen und zug\u00e4nglichen Sonnenschutz an Orten bereitstellen, an denen viele Menschen zusammenkommen. Ideal f\u00fcr Schulen, Sportvereine und halb\u00f6ffentliche Bereiche, in denen Aufsichtspersonen anwesend sind. Die Spender bieten eine hygienische und nachhaltige L\u00f6sung, um Bewohner und Besucher vor sch\u00e4dlicher UV-Strahlung zu sch\u00fctzen.\" \/>\n<meta property=\"og:url\" content=\"https:\/\/smeerkeeszonnebrandcreme.nl\/de\/produkt\/sonnencreme-spender\/\" \/>\n<meta property=\"og:site_name\" content=\"Sunny Paul Sonnencreme\" \/>\n<meta property=\"og:image\" content=\"https:\/\/smeerkeeszonnebrandcreme.nl\/app\/uploads\/2026\/01\/zonnebrand-dispenser-no-shadow.png\" \/>\n\t<meta property=\"og:image:width\" content=\"1024\" \/>\n\t<meta property=\"og:image:height\" content=\"1536\" \/>\n\t<meta property=\"og:image:type\" content=\"image\/png\" \/>\n<meta name=\"twitter:card\" content=\"summary_large_image\" \/>\n<script type=\"application\/ld+json\" class=\"yoast-schema-graph\">{\"@context\":\"https:\\\/\\\/schema.org\",\"@graph\":[{\"@type\":\"WebPage\",\"@id\":\"https:\\\/\\\/smeerkeeszonnebrandcreme.nl\\\/de\\\/produkt\\\/sonnencreme-spender\\\/\",\"url\":\"https:\\\/\\\/smeerkeeszonnebrandcreme.nl\\\/de\\\/produkt\\\/sonnencreme-spender\\\/\",\"name\":\"Sonnencreme-Spender - Sunny Paul Sonnencreme\",\"isPartOf\":{\"@id\":\"https:\\\/\\\/smeerkeeszonnebrandcreme.nl\\\/de\\\/#website\"},\"primaryImageOfPage\":{\"@id\":\"https:\\\/\\\/smeerkeeszonnebrandcreme.nl\\\/de\\\/produkt\\\/sonnencreme-spender\\\/#primaryimage\"},\"image\":{\"@id\":\"https:\\\/\\\/smeerkeeszonnebrandcreme.nl\\\/de\\\/produkt\\\/sonnencreme-spender\\\/#primaryimage\"},\"thumbnailUrl\":\"https:\\\/\\\/smeerkeeszonnebrandcreme.nl\\\/app\\\/uploads\\\/2026\\\/01\\\/zonnebrand-dispenser-no-shadow.png\",\"datePublished\":\"2025-02-18T12:47:29+00:00\",\"breadcrumb\":{\"@id\":\"https:\\\/\\\/smeerkeeszonnebrandcreme.nl\\\/de\\\/produkt\\\/sonnencreme-spender\\\/#breadcrumb\"},\"inLanguage\":\"de-DE\",\"potentialAction\":[{\"@type\":\"ReadAction\",\"target\":[\"https:\\\/\\\/smeerkeeszonnebrandcreme.nl\\\/de\\\/produkt\\\/sonnencreme-spender\\\/\"]}]},{\"@type\":\"ImageObject\",\"inLanguage\":\"de-DE\",\"@id\":\"https:\\\/\\\/smeerkeeszonnebrandcreme.nl\\\/de\\\/produkt\\\/sonnencreme-spender\\\/#primaryimage\",\"url\":\"https:\\\/\\\/smeerkeeszonnebrandcreme.nl\\\/app\\\/uploads\\\/2026\\\/01\\\/zonnebrand-dispenser-no-shadow.png\",\"contentUrl\":\"https:\\\/\\\/smeerkeeszonnebrandcreme.nl\\\/app\\\/uploads\\\/2026\\\/01\\\/zonnebrand-dispenser-no-shadow.png\",\"width\":1024,\"height\":1536},{\"@type\":\"BreadcrumbList\",\"@id\":\"https:\\\/\\\/smeerkeeszonnebrandcreme.nl\\\/de\\\/produkt\\\/sonnencreme-spender\\\/#breadcrumb\",\"itemListElement\":[{\"@type\":\"ListItem\",\"position\":1,\"name\":\"Startseite\",\"item\":\"https:\\\/\\\/smeerkeeszonnebrandcreme.nl\\\/de\\\/\"},{\"@type\":\"ListItem\",\"position\":2,\"name\":\"Shop\",\"item\":\"https:\\\/\\\/smeerkeeszonnebrandcreme.nl\\\/de\\\/shop\\\/\"},{\"@type\":\"ListItem\",\"position\":3,\"name\":\"Sonnencreme-Spender\"}]},{\"@type\":\"WebSite\",\"@id\":\"https:\\\/\\\/smeerkeeszonnebrandcreme.nl\\\/de\\\/#website\",\"url\":\"https:\\\/\\\/smeerkeeszonnebrandcreme.nl\\\/de\\\/\",\"name\":\"Sunny Paul Sonnencreme\",\"description\":\"Smeer vandaag. Straal morgen.\",\"potentialAction\":[{\"@type\":\"SearchAction\",\"target\":{\"@type\":\"EntryPoint\",\"urlTemplate\":\"https:\\\/\\\/smeerkeeszonnebrandcreme.nl\\\/de\\\/?s={search_term_string}\"},\"query-input\":{\"@type\":\"PropertyValueSpecification\",\"valueRequired\":true,\"valueName\":\"search_term_string\"}}],\"inLanguage\":\"de-DE\"}]}<\/script>\n<!-- \/ Yoast SEO plugin. -->","yoast_head_json":{"title":"Sonnencreme-Spender - Sunny Paul Sonnencreme","robots":{"index":"index","follow":"follow","max-snippet":"max-snippet:-1","max-image-preview":"max-image-preview:large","max-video-preview":"max-video-preview:-1"},"canonical":"https:\/\/smeerkeeszonnebrandcreme.nl\/de\/produkt\/sonnencreme-spender\/","og_locale":"de_DE","og_type":"article","og_title":"Sonnencreme-Spender - Sunny Paul Sonnencreme","og_description":"Gemeinden und Organisationen k\u00f6nnen mit den Smeerkees Sonnenschutzspendern ganz einfach strukturellen und zug\u00e4nglichen Sonnenschutz an Orten bereitstellen, an denen viele Menschen zusammenkommen. Ideal f\u00fcr Schulen, Sportvereine und halb\u00f6ffentliche Bereiche, in denen Aufsichtspersonen anwesend sind. Die Spender bieten eine hygienische und nachhaltige L\u00f6sung, um Bewohner und Besucher vor sch\u00e4dlicher UV-Strahlung zu sch\u00fctzen.","og_url":"https:\/\/smeerkeeszonnebrandcreme.nl\/de\/produkt\/sonnencreme-spender\/","og_site_name":"Sunny Paul Sonnencreme","og_image":[{"width":1024,"height":1536,"url":"https:\/\/smeerkeeszonnebrandcreme.nl\/app\/uploads\/2026\/01\/zonnebrand-dispenser-no-shadow.png","type":"image\/png"}],"twitter_card":"summary_large_image","schema":{"@context":"https:\/\/schema.org","@graph":[{"@type":"WebPage","@id":"https:\/\/smeerkeeszonnebrandcreme.nl\/de\/produkt\/sonnencreme-spender\/","url":"https:\/\/smeerkeeszonnebrandcreme.nl\/de\/produkt\/sonnencreme-spender\/","name":"Sonnencreme-Spender - Sunny Paul Sonnencreme","isPartOf":{"@id":"https:\/\/smeerkeeszonnebrandcreme.nl\/de\/#website"},"primaryImageOfPage":{"@id":"https:\/\/smeerkeeszonnebrandcreme.nl\/de\/produkt\/sonnencreme-spender\/#primaryimage"},"image":{"@id":"https:\/\/smeerkeeszonnebrandcreme.nl\/de\/produkt\/sonnencreme-spender\/#primaryimage"},"thumbnailUrl":"https:\/\/smeerkeeszonnebrandcreme.nl\/app\/uploads\/2026\/01\/zonnebrand-dispenser-no-shadow.png","datePublished":"2025-02-18T12:47:29+00:00","breadcrumb":{"@id":"https:\/\/smeerkeeszonnebrandcreme.nl\/de\/produkt\/sonnencreme-spender\/#breadcrumb"},"inLanguage":"de-DE","potentialAction":[{"@type":"ReadAction","target":["https:\/\/smeerkeeszonnebrandcreme.nl\/de\/produkt\/sonnencreme-spender\/"]}]},{"@type":"ImageObject","inLanguage":"de-DE","@id":"https:\/\/smeerkeeszonnebrandcreme.nl\/de\/produkt\/sonnencreme-spender\/#primaryimage","url":"https:\/\/smeerkeeszonnebrandcreme.nl\/app\/uploads\/2026\/01\/zonnebrand-dispenser-no-shadow.png","contentUrl":"https:\/\/smeerkeeszonnebrandcreme.nl\/app\/uploads\/2026\/01\/zonnebrand-dispenser-no-shadow.png","width":1024,"height":1536},{"@type":"BreadcrumbList","@id":"https:\/\/smeerkeeszonnebrandcreme.nl\/de\/produkt\/sonnencreme-spender\/#breadcrumb","itemListElement":[{"@type":"ListItem","position":1,"name":"Startseite","item":"https:\/\/smeerkeeszonnebrandcreme.nl\/de\/"},{"@type":"ListItem","position":2,"name":"Shop","item":"https:\/\/smeerkeeszonnebrandcreme.nl\/de\/shop\/"},{"@type":"ListItem","position":3,"name":"Sonnencreme-Spender"}]},{"@type":"WebSite","@id":"https:\/\/smeerkeeszonnebrandcreme.nl\/de\/#website","url":"https:\/\/smeerkeeszonnebrandcreme.nl\/de\/","name":"Sunny Paul Sonnencreme","description":"Smeer vandaag. Straal morgen.","potentialAction":[{"@type":"SearchAction","target":{"@type":"EntryPoint","urlTemplate":"https:\/\/smeerkeeszonnebrandcreme.nl\/de\/?s={search_term_string}"},"query-input":{"@type":"PropertyValueSpecification","valueRequired":true,"valueName":"search_term_string"}}],"inLanguage":"de-DE"}]}},"_links":{"self":[{"href":"https:\/\/smeerkeeszonnebrandcreme.nl\/de\/wp-json\/wp\/v2\/product\/1209","targetHints":{"allow":["GET"]}}],"collection":[{"href":"https:\/\/smeerkeeszonnebrandcreme.nl\/de\/wp-json\/wp\/v2\/product"}],"about":[{"href":"https:\/\/smeerkeeszonnebrandcreme.nl\/de\/wp-json\/wp\/v2\/types\/product"}],"wp:featuredmedia":[{"embeddable":true,"href":"https:\/\/smeerkeeszonnebrandcreme.nl\/de\/wp-json\/wp\/v2\/media\/528"}],"wp:attachment":[{"href":"https:\/\/smeerkeeszonnebrandcreme.nl\/de\/wp-json\/wp\/v2\/media?parent=1209"}],"wp:term":[{"taxonomy":"product_brand","embeddable":true,"href":"https:\/\/smeerkeeszonnebrandcreme.nl\/de\/wp-json\/wp\/v2\/product_brand?post=1209"},{"taxonomy":"product_cat","embeddable":true,"href":"https:\/\/smeerkeeszonnebrandcreme.nl\/de\/wp-json\/wp\/v2\/product_cat?post=1209"},{"taxonomy":"product_tag","embeddable":true,"href":"https:\/\/smeerkeeszonnebrandcreme.nl\/de\/wp-json\/wp\/v2\/product_tag?post=1209"}],"curies":[{"name":"wp","href":"https:\/\/api.w.org\/{rel}","templated":true}]}}