{"id":1195,"date":"2025-02-18T12:49:01","date_gmt":"2025-02-18T12:49:01","guid":{"rendered":"https:\/\/smeerkeeszonnebrandcreme.nl\/product\/greaseball-sunburn-post\/"},"modified":"2026-04-09T10:55:16","modified_gmt":"2026-04-09T10:55:16","slug":"greaseball-sunburn-post","status":"publish","type":"product","link":"https:\/\/smeerkeeszonnebrandcreme.nl\/de\/produkt\/greaseball-sunburn-post\/","title":{"rendered":"Sunny Paul Sonnenbrand post"},"content":{"rendered":"<p>Neugierig auf die M\u00f6glichkeiten? Dann <a href=\"https:\/\/smeerkeeszonnebrandcreme.nl\/de\/kontakt\/\">melden<\/a> Sie sich f\u00fcr die M\u00f6glichkeiten! <\/p>\n<ul>\n<li>Live-\u00dcberwachung mit Online-Dashboard<\/li>\n<li>Gro\u00dfe Werbefl\u00e4che f\u00fcr Awareness-Texte und Werbebotschaften<\/li>\n<li>Ma\u00dfnahmen gegen Vandalismus<\/li>\n<li>Feste und mobile Installation<\/li>\n<li>Selbstversorger mit Strom \u00fcber ein Solarpanel<\/li>\n<\/ul>\n<p><a href=\"https:\/\/smeerkeeszonnebrandcreme.nl\/de\/unternehmen-organisationen\/greaseball-sunburn-post\/\">Lesen Sie mehr \u00fcber die Greasekees Sonnenbrand-Post<\/a><\/p>\n","protected":false},"excerpt":{"rendered":"<p>Der Sonnenschutzpfosten von Smeerkees ist die ideale L\u00f6sung, um Sonnencreme an Orten zug\u00e4nglich zu machen, an denen man oft vergisst, sie aufzutragen. Die Sonnenbrands\u00e4ulen sind perfekt f\u00fcr den Einsatz in \u00f6ffentlichen Bereichen, bei Veranstaltungen, in Sportvereinen, Strandbars, Vergn\u00fcgungsparks und anderen Erholungsgebieten. Sie bieten nicht nur eine praktische L\u00f6sung, sondern sind auch ein hervorragendes Instrument f\u00fcr das Out-of-Home-Marketing. Die umfangreichen Personalisierungsm\u00f6glichkeiten erm\u00f6glichen es Unternehmen, ihre Marke sichtbar zu machen und gleichzeitig einen positiven Beitrag zur Gesundheit zu leisten.   <\/p>\n","protected":false},"featured_media":990,"template":"","meta":{"_acf_changed":false},"product_brand":[],"product_cat":[53,55],"product_tag":[],"class_list":{"0":"post-1195","1":"product","2":"type-product","3":"status-publish","4":"has-post-thumbnail","6":"product_cat-dispenser","7":"product_cat-post-mit-sonnenbrand","9":"first","10":"instock","11":"taxable","12":"shipping-taxable","13":"product-type-simple"},"acf":[],"yoast_head":"<!-- This site is optimized with the Yoast SEO plugin v27.3 - https:\/\/yoast.com\/product\/yoast-seo-wordpress\/ -->\n<title>Sunny Paul Sonnenbrand post - Sunny Paul Sonnencreme<\/title>\n<meta name=\"robots\" content=\"index, follow, max-snippet:-1, max-image-preview:large, max-video-preview:-1\" \/>\n<link rel=\"canonical\" href=\"https:\/\/smeerkeeszonnebrandcreme.nl\/de\/produkt\/greaseball-sunburn-post\/\" \/>\n<meta property=\"og:locale\" content=\"de_DE\" \/>\n<meta property=\"og:type\" content=\"article\" \/>\n<meta property=\"og:title\" content=\"Sunny Paul Sonnenbrand post - Sunny Paul Sonnencreme\" \/>\n<meta property=\"og:description\" content=\"Der Sonnenschutzpfosten von Smeerkees ist die ideale L\u00f6sung, um Sonnencreme an Orten zug\u00e4nglich zu machen, an denen man oft vergisst, sie aufzutragen. Die Sonnenbrands\u00e4ulen sind perfekt f\u00fcr den Einsatz in \u00f6ffentlichen Bereichen, bei Veranstaltungen, in Sportvereinen, Strandbars, Vergn\u00fcgungsparks und anderen Erholungsgebieten. Sie bieten nicht nur eine praktische L\u00f6sung, sondern sind auch ein hervorragendes Instrument f\u00fcr das Out-of-Home-Marketing. Die umfangreichen Personalisierungsm\u00f6glichkeiten erm\u00f6glichen es Unternehmen, ihre Marke sichtbar zu machen und gleichzeitig einen positiven Beitrag zur Gesundheit zu leisten.\" \/>\n<meta property=\"og:url\" content=\"https:\/\/smeerkeeszonnebrandcreme.nl\/de\/produkt\/greaseball-sunburn-post\/\" \/>\n<meta property=\"og:site_name\" content=\"Sunny Paul Sonnencreme\" \/>\n<meta property=\"article:modified_time\" content=\"2026-04-09T10:55:16+00:00\" \/>\n<meta property=\"og:image\" content=\"https:\/\/smeerkeeszonnebrandcreme.nl\/app\/uploads\/2025\/02\/sunscreen-station-scaled.png\" \/>\n\t<meta property=\"og:image:width\" content=\"2560\" \/>\n\t<meta property=\"og:image:height\" content=\"2560\" \/>\n\t<meta property=\"og:image:type\" content=\"image\/png\" \/>\n<meta name=\"twitter:card\" content=\"summary_large_image\" \/>\n<meta name=\"twitter:label1\" content=\"Est. reading time\" \/>\n\t<meta name=\"twitter:data1\" content=\"1 minute\" \/>\n<script type=\"application\/ld+json\" class=\"yoast-schema-graph\">{\"@context\":\"https:\\\/\\\/schema.org\",\"@graph\":[{\"@type\":\"WebPage\",\"@id\":\"https:\\\/\\\/smeerkeeszonnebrandcreme.nl\\\/de\\\/produkt\\\/greaseball-sunburn-post\\\/\",\"url\":\"https:\\\/\\\/smeerkeeszonnebrandcreme.nl\\\/de\\\/produkt\\\/greaseball-sunburn-post\\\/\",\"name\":\"Sunny Paul Sonnenbrand post - Sunny Paul Sonnencreme\",\"isPartOf\":{\"@id\":\"https:\\\/\\\/smeerkeeszonnebrandcreme.nl\\\/de\\\/#website\"},\"primaryImageOfPage\":{\"@id\":\"https:\\\/\\\/smeerkeeszonnebrandcreme.nl\\\/de\\\/produkt\\\/greaseball-sunburn-post\\\/#primaryimage\"},\"image\":{\"@id\":\"https:\\\/\\\/smeerkeeszonnebrandcreme.nl\\\/de\\\/produkt\\\/greaseball-sunburn-post\\\/#primaryimage\"},\"thumbnailUrl\":\"https:\\\/\\\/smeerkeeszonnebrandcreme.nl\\\/app\\\/uploads\\\/2025\\\/02\\\/sunscreen-station-scaled.png\",\"datePublished\":\"2025-02-18T12:49:01+00:00\",\"dateModified\":\"2026-04-09T10:55:16+00:00\",\"breadcrumb\":{\"@id\":\"https:\\\/\\\/smeerkeeszonnebrandcreme.nl\\\/de\\\/produkt\\\/greaseball-sunburn-post\\\/#breadcrumb\"},\"inLanguage\":\"de-DE\",\"potentialAction\":[{\"@type\":\"ReadAction\",\"target\":[\"https:\\\/\\\/smeerkeeszonnebrandcreme.nl\\\/de\\\/produkt\\\/greaseball-sunburn-post\\\/\"]}]},{\"@type\":\"ImageObject\",\"inLanguage\":\"de-DE\",\"@id\":\"https:\\\/\\\/smeerkeeszonnebrandcreme.nl\\\/de\\\/produkt\\\/greaseball-sunburn-post\\\/#primaryimage\",\"url\":\"https:\\\/\\\/smeerkeeszonnebrandcreme.nl\\\/app\\\/uploads\\\/2025\\\/02\\\/sunscreen-station-scaled.png\",\"contentUrl\":\"https:\\\/\\\/smeerkeeszonnebrandcreme.nl\\\/app\\\/uploads\\\/2025\\\/02\\\/sunscreen-station-scaled.png\",\"width\":2560,\"height\":2560},{\"@type\":\"BreadcrumbList\",\"@id\":\"https:\\\/\\\/smeerkeeszonnebrandcreme.nl\\\/de\\\/produkt\\\/greaseball-sunburn-post\\\/#breadcrumb\",\"itemListElement\":[{\"@type\":\"ListItem\",\"position\":1,\"name\":\"Startseite\",\"item\":\"https:\\\/\\\/smeerkeeszonnebrandcreme.nl\\\/de\\\/\"},{\"@type\":\"ListItem\",\"position\":2,\"name\":\"Shop\",\"item\":\"https:\\\/\\\/smeerkeeszonnebrandcreme.nl\\\/de\\\/shop\\\/\"},{\"@type\":\"ListItem\",\"position\":3,\"name\":\"Sunny Paul Sonnenbrand post\"}]},{\"@type\":\"WebSite\",\"@id\":\"https:\\\/\\\/smeerkeeszonnebrandcreme.nl\\\/de\\\/#website\",\"url\":\"https:\\\/\\\/smeerkeeszonnebrandcreme.nl\\\/de\\\/\",\"name\":\"Sunny Paul Sonnencreme\",\"description\":\"Smeer vandaag. Straal morgen.\",\"potentialAction\":[{\"@type\":\"SearchAction\",\"target\":{\"@type\":\"EntryPoint\",\"urlTemplate\":\"https:\\\/\\\/smeerkeeszonnebrandcreme.nl\\\/de\\\/?s={search_term_string}\"},\"query-input\":{\"@type\":\"PropertyValueSpecification\",\"valueRequired\":true,\"valueName\":\"search_term_string\"}}],\"inLanguage\":\"de-DE\"}]}<\/script>\n<!-- \/ Yoast SEO plugin. -->","yoast_head_json":{"title":"Sunny Paul Sonnenbrand post - Sunny Paul Sonnencreme","robots":{"index":"index","follow":"follow","max-snippet":"max-snippet:-1","max-image-preview":"max-image-preview:large","max-video-preview":"max-video-preview:-1"},"canonical":"https:\/\/smeerkeeszonnebrandcreme.nl\/de\/produkt\/greaseball-sunburn-post\/","og_locale":"de_DE","og_type":"article","og_title":"Sunny Paul Sonnenbrand post - Sunny Paul Sonnencreme","og_description":"Der Sonnenschutzpfosten von Smeerkees ist die ideale L\u00f6sung, um Sonnencreme an Orten zug\u00e4nglich zu machen, an denen man oft vergisst, sie aufzutragen. Die Sonnenbrands\u00e4ulen sind perfekt f\u00fcr den Einsatz in \u00f6ffentlichen Bereichen, bei Veranstaltungen, in Sportvereinen, Strandbars, Vergn\u00fcgungsparks und anderen Erholungsgebieten. Sie bieten nicht nur eine praktische L\u00f6sung, sondern sind auch ein hervorragendes Instrument f\u00fcr das Out-of-Home-Marketing. Die umfangreichen Personalisierungsm\u00f6glichkeiten erm\u00f6glichen es Unternehmen, ihre Marke sichtbar zu machen und gleichzeitig einen positiven Beitrag zur Gesundheit zu leisten.","og_url":"https:\/\/smeerkeeszonnebrandcreme.nl\/de\/produkt\/greaseball-sunburn-post\/","og_site_name":"Sunny Paul Sonnencreme","article_modified_time":"2026-04-09T10:55:16+00:00","og_image":[{"width":2560,"height":2560,"url":"https:\/\/smeerkeeszonnebrandcreme.nl\/app\/uploads\/2025\/02\/sunscreen-station-scaled.png","type":"image\/png"}],"twitter_card":"summary_large_image","twitter_misc":{"Est. reading time":"1 minute"},"schema":{"@context":"https:\/\/schema.org","@graph":[{"@type":"WebPage","@id":"https:\/\/smeerkeeszonnebrandcreme.nl\/de\/produkt\/greaseball-sunburn-post\/","url":"https:\/\/smeerkeeszonnebrandcreme.nl\/de\/produkt\/greaseball-sunburn-post\/","name":"Sunny Paul Sonnenbrand post - Sunny Paul Sonnencreme","isPartOf":{"@id":"https:\/\/smeerkeeszonnebrandcreme.nl\/de\/#website"},"primaryImageOfPage":{"@id":"https:\/\/smeerkeeszonnebrandcreme.nl\/de\/produkt\/greaseball-sunburn-post\/#primaryimage"},"image":{"@id":"https:\/\/smeerkeeszonnebrandcreme.nl\/de\/produkt\/greaseball-sunburn-post\/#primaryimage"},"thumbnailUrl":"https:\/\/smeerkeeszonnebrandcreme.nl\/app\/uploads\/2025\/02\/sunscreen-station-scaled.png","datePublished":"2025-02-18T12:49:01+00:00","dateModified":"2026-04-09T10:55:16+00:00","breadcrumb":{"@id":"https:\/\/smeerkeeszonnebrandcreme.nl\/de\/produkt\/greaseball-sunburn-post\/#breadcrumb"},"inLanguage":"de-DE","potentialAction":[{"@type":"ReadAction","target":["https:\/\/smeerkeeszonnebrandcreme.nl\/de\/produkt\/greaseball-sunburn-post\/"]}]},{"@type":"ImageObject","inLanguage":"de-DE","@id":"https:\/\/smeerkeeszonnebrandcreme.nl\/de\/produkt\/greaseball-sunburn-post\/#primaryimage","url":"https:\/\/smeerkeeszonnebrandcreme.nl\/app\/uploads\/2025\/02\/sunscreen-station-scaled.png","contentUrl":"https:\/\/smeerkeeszonnebrandcreme.nl\/app\/uploads\/2025\/02\/sunscreen-station-scaled.png","width":2560,"height":2560},{"@type":"BreadcrumbList","@id":"https:\/\/smeerkeeszonnebrandcreme.nl\/de\/produkt\/greaseball-sunburn-post\/#breadcrumb","itemListElement":[{"@type":"ListItem","position":1,"name":"Startseite","item":"https:\/\/smeerkeeszonnebrandcreme.nl\/de\/"},{"@type":"ListItem","position":2,"name":"Shop","item":"https:\/\/smeerkeeszonnebrandcreme.nl\/de\/shop\/"},{"@type":"ListItem","position":3,"name":"Sunny Paul Sonnenbrand post"}]},{"@type":"WebSite","@id":"https:\/\/smeerkeeszonnebrandcreme.nl\/de\/#website","url":"https:\/\/smeerkeeszonnebrandcreme.nl\/de\/","name":"Sunny Paul Sonnencreme","description":"Smeer vandaag. Straal morgen.","potentialAction":[{"@type":"SearchAction","target":{"@type":"EntryPoint","urlTemplate":"https:\/\/smeerkeeszonnebrandcreme.nl\/de\/?s={search_term_string}"},"query-input":{"@type":"PropertyValueSpecification","valueRequired":true,"valueName":"search_term_string"}}],"inLanguage":"de-DE"}]}},"_links":{"self":[{"href":"https:\/\/smeerkeeszonnebrandcreme.nl\/de\/wp-json\/wp\/v2\/product\/1195","targetHints":{"allow":["GET"]}}],"collection":[{"href":"https:\/\/smeerkeeszonnebrandcreme.nl\/de\/wp-json\/wp\/v2\/product"}],"about":[{"href":"https:\/\/smeerkeeszonnebrandcreme.nl\/de\/wp-json\/wp\/v2\/types\/product"}],"wp:featuredmedia":[{"embeddable":true,"href":"https:\/\/smeerkeeszonnebrandcreme.nl\/de\/wp-json\/wp\/v2\/media\/990"}],"wp:attachment":[{"href":"https:\/\/smeerkeeszonnebrandcreme.nl\/de\/wp-json\/wp\/v2\/media?parent=1195"}],"wp:term":[{"taxonomy":"product_brand","embeddable":true,"href":"https:\/\/smeerkeeszonnebrandcreme.nl\/de\/wp-json\/wp\/v2\/product_brand?post=1195"},{"taxonomy":"product_cat","embeddable":true,"href":"https:\/\/smeerkeeszonnebrandcreme.nl\/de\/wp-json\/wp\/v2\/product_cat?post=1195"},{"taxonomy":"product_tag","embeddable":true,"href":"https:\/\/smeerkeeszonnebrandcreme.nl\/de\/wp-json\/wp\/v2\/product_tag?post=1195"}],"curies":[{"name":"wp","href":"https:\/\/api.w.org\/{rel}","templated":true}]}}