{"id":1188,"date":"2025-02-18T12:48:20","date_gmt":"2025-02-18T12:48:20","guid":{"rendered":"https:\/\/smeerkeeszonnebrandcreme.nl\/product\/1-liter-nachfuellpackung-natuerlicher-sonnenschutz-30-spf\/"},"modified":"2026-04-10T08:14:52","modified_gmt":"2026-04-10T08:14:52","slug":"1-liter-nachfuellpackung-natuerlicher-sonnenschutz-30-spf","status":"publish","type":"product","link":"https:\/\/smeerkeeszonnebrandcreme.nl\/de\/produkt\/1-liter-nachfuellpackung-natuerlicher-sonnenschutz-30-spf\/","title":{"rendered":"1-Liter-Nachf\u00fcllpackung nat\u00fcrlicher Sonnenschutz 30 SPF"},"content":{"rendered":"<ul>\n<li>Geeignet f\u00fcr streichf\u00e4hige Spender<\/li>\n<li>SPF30 Schutz<\/li>\n<li>Feuchtigkeitsspendende und schnell einziehende Formel<\/li>\n<li>Wasserfest<\/li>\n<li>Geeignet f\u00fcr Gesicht und K\u00f6rper<\/li>\n<li>Gluten- und tierversuchsfrei<\/li>\n<li>Enth\u00e4lt nat\u00fcrliche Bio-Zutaten<\/li>\n<li>Frei von chemischen oder petrochemischen synthetischen Derivaten, Parabenen, Silikonen, Paraffin oder Vaseline<\/li>\n<\/ul>\n<p>Anwendung:<br \/>\nTragen Sie den Sonnenschutz f\u00fcr optimalen Schutz alle 2 Stunden auf. Vermeiden Sie den Kontakt mit den Augen. Nicht zur inneren Anwendung.  <\/p>\n","protected":false},"excerpt":{"rendered":"<p>Halten Sie Ihren Sunny Paul Sonnencreme-Spender mit dieser praktischen 1-Liter-Nachf\u00fcllung immer gef\u00fcllt. Der hochwertige Sonnenschutz bietet SPF30-Schutz vor UV-A- und UV-B-Strahlen, so dass Ihre Haut optimal vor den sch\u00e4dlichen Strahlen der Sonne gesch\u00fctzt ist.<\/p>\n","protected":false},"featured_media":62,"template":"","meta":{"_acf_changed":false},"product_brand":[],"product_cat":[52],"product_tag":[],"class_list":{"0":"post-1188","1":"product","2":"type-product","3":"status-publish","4":"has-post-thumbnail","6":"product_cat-sonnenschutzcreme","8":"first","9":"instock","10":"taxable","11":"shipping-taxable","12":"purchasable","13":"product-type-simple"},"acf":[],"yoast_head":"<!-- This site is optimized with the Yoast SEO plugin v27.3 - https:\/\/yoast.com\/product\/yoast-seo-wordpress\/ -->\n<title>1-Liter-Nachf\u00fcllpackung nat\u00fcrlicher Sonnenschutz 30 SPF - Sunny Paul Sonnencreme<\/title>\n<meta name=\"robots\" content=\"index, follow, max-snippet:-1, max-image-preview:large, max-video-preview:-1\" \/>\n<link rel=\"canonical\" href=\"https:\/\/smeerkeeszonnebrandcreme.nl\/de\/produkt\/1-liter-nachfuellpackung-natuerlicher-sonnenschutz-30-spf\/\" \/>\n<meta property=\"og:locale\" content=\"de_DE\" \/>\n<meta property=\"og:type\" content=\"article\" \/>\n<meta property=\"og:title\" content=\"1-Liter-Nachf\u00fcllpackung nat\u00fcrlicher Sonnenschutz 30 SPF - Sunny Paul Sonnencreme\" \/>\n<meta property=\"og:description\" content=\"Halten Sie Ihren Sunny Paul Sonnencreme-Spender mit dieser praktischen 1-Liter-Nachf\u00fcllung immer gef\u00fcllt. Der hochwertige Sonnenschutz bietet SPF30-Schutz vor UV-A- und UV-B-Strahlen, so dass Ihre Haut optimal vor den sch\u00e4dlichen Strahlen der Sonne gesch\u00fctzt ist.\" \/>\n<meta property=\"og:url\" content=\"https:\/\/smeerkeeszonnebrandcreme.nl\/de\/produkt\/1-liter-nachfuellpackung-natuerlicher-sonnenschutz-30-spf\/\" \/>\n<meta property=\"og:site_name\" content=\"Sunny Paul Sonnencreme\" \/>\n<meta property=\"article:modified_time\" content=\"2026-04-10T08:14:52+00:00\" \/>\n<meta property=\"og:image\" content=\"https:\/\/smeerkeeszonnebrandcreme.nl\/app\/uploads\/2025\/12\/zonnebrandcreme-spf30-1l.png\" \/>\n\t<meta property=\"og:image:width\" content=\"768\" \/>\n\t<meta property=\"og:image:height\" content=\"768\" \/>\n\t<meta property=\"og:image:type\" content=\"image\/png\" \/>\n<meta name=\"twitter:card\" content=\"summary_large_image\" \/>\n<script type=\"application\/ld+json\" class=\"yoast-schema-graph\">{\"@context\":\"https:\\\/\\\/schema.org\",\"@graph\":[{\"@type\":\"WebPage\",\"@id\":\"https:\\\/\\\/smeerkeeszonnebrandcreme.nl\\\/de\\\/produkt\\\/1-liter-nachfuellpackung-natuerlicher-sonnenschutz-30-spf\\\/\",\"url\":\"https:\\\/\\\/smeerkeeszonnebrandcreme.nl\\\/de\\\/produkt\\\/1-liter-nachfuellpackung-natuerlicher-sonnenschutz-30-spf\\\/\",\"name\":\"1-Liter-Nachf\u00fcllpackung nat\u00fcrlicher Sonnenschutz 30 SPF - Sunny Paul Sonnencreme\",\"isPartOf\":{\"@id\":\"https:\\\/\\\/smeerkeeszonnebrandcreme.nl\\\/de\\\/#website\"},\"primaryImageOfPage\":{\"@id\":\"https:\\\/\\\/smeerkeeszonnebrandcreme.nl\\\/de\\\/produkt\\\/1-liter-nachfuellpackung-natuerlicher-sonnenschutz-30-spf\\\/#primaryimage\"},\"image\":{\"@id\":\"https:\\\/\\\/smeerkeeszonnebrandcreme.nl\\\/de\\\/produkt\\\/1-liter-nachfuellpackung-natuerlicher-sonnenschutz-30-spf\\\/#primaryimage\"},\"thumbnailUrl\":\"https:\\\/\\\/smeerkeeszonnebrandcreme.nl\\\/app\\\/uploads\\\/2025\\\/12\\\/zonnebrandcreme-spf30-1l.png\",\"datePublished\":\"2025-02-18T12:48:20+00:00\",\"dateModified\":\"2026-04-10T08:14:52+00:00\",\"breadcrumb\":{\"@id\":\"https:\\\/\\\/smeerkeeszonnebrandcreme.nl\\\/de\\\/produkt\\\/1-liter-nachfuellpackung-natuerlicher-sonnenschutz-30-spf\\\/#breadcrumb\"},\"inLanguage\":\"de-DE\",\"potentialAction\":[{\"@type\":\"ReadAction\",\"target\":[\"https:\\\/\\\/smeerkeeszonnebrandcreme.nl\\\/de\\\/produkt\\\/1-liter-nachfuellpackung-natuerlicher-sonnenschutz-30-spf\\\/\"]}]},{\"@type\":\"ImageObject\",\"inLanguage\":\"de-DE\",\"@id\":\"https:\\\/\\\/smeerkeeszonnebrandcreme.nl\\\/de\\\/produkt\\\/1-liter-nachfuellpackung-natuerlicher-sonnenschutz-30-spf\\\/#primaryimage\",\"url\":\"https:\\\/\\\/smeerkeeszonnebrandcreme.nl\\\/app\\\/uploads\\\/2025\\\/12\\\/zonnebrandcreme-spf30-1l.png\",\"contentUrl\":\"https:\\\/\\\/smeerkeeszonnebrandcreme.nl\\\/app\\\/uploads\\\/2025\\\/12\\\/zonnebrandcreme-spf30-1l.png\",\"width\":768,\"height\":768},{\"@type\":\"BreadcrumbList\",\"@id\":\"https:\\\/\\\/smeerkeeszonnebrandcreme.nl\\\/de\\\/produkt\\\/1-liter-nachfuellpackung-natuerlicher-sonnenschutz-30-spf\\\/#breadcrumb\",\"itemListElement\":[{\"@type\":\"ListItem\",\"position\":1,\"name\":\"Startseite\",\"item\":\"https:\\\/\\\/smeerkeeszonnebrandcreme.nl\\\/de\\\/\"},{\"@type\":\"ListItem\",\"position\":2,\"name\":\"Shop\",\"item\":\"https:\\\/\\\/smeerkeeszonnebrandcreme.nl\\\/de\\\/shop\\\/\"},{\"@type\":\"ListItem\",\"position\":3,\"name\":\"1-Liter-Nachf\u00fcllpackung nat\u00fcrlicher Sonnenschutz 30 SPF\"}]},{\"@type\":\"WebSite\",\"@id\":\"https:\\\/\\\/smeerkeeszonnebrandcreme.nl\\\/de\\\/#website\",\"url\":\"https:\\\/\\\/smeerkeeszonnebrandcreme.nl\\\/de\\\/\",\"name\":\"Sunny Paul Sonnencreme\",\"description\":\"Smeer vandaag. Straal morgen.\",\"potentialAction\":[{\"@type\":\"SearchAction\",\"target\":{\"@type\":\"EntryPoint\",\"urlTemplate\":\"https:\\\/\\\/smeerkeeszonnebrandcreme.nl\\\/de\\\/?s={search_term_string}\"},\"query-input\":{\"@type\":\"PropertyValueSpecification\",\"valueRequired\":true,\"valueName\":\"search_term_string\"}}],\"inLanguage\":\"de-DE\"}]}<\/script>\n<!-- \/ Yoast SEO plugin. -->","yoast_head_json":{"title":"1-Liter-Nachf\u00fcllpackung nat\u00fcrlicher Sonnenschutz 30 SPF - Sunny Paul Sonnencreme","robots":{"index":"index","follow":"follow","max-snippet":"max-snippet:-1","max-image-preview":"max-image-preview:large","max-video-preview":"max-video-preview:-1"},"canonical":"https:\/\/smeerkeeszonnebrandcreme.nl\/de\/produkt\/1-liter-nachfuellpackung-natuerlicher-sonnenschutz-30-spf\/","og_locale":"de_DE","og_type":"article","og_title":"1-Liter-Nachf\u00fcllpackung nat\u00fcrlicher Sonnenschutz 30 SPF - Sunny Paul Sonnencreme","og_description":"Halten Sie Ihren Sunny Paul Sonnencreme-Spender mit dieser praktischen 1-Liter-Nachf\u00fcllung immer gef\u00fcllt. Der hochwertige Sonnenschutz bietet SPF30-Schutz vor UV-A- und UV-B-Strahlen, so dass Ihre Haut optimal vor den sch\u00e4dlichen Strahlen der Sonne gesch\u00fctzt ist.","og_url":"https:\/\/smeerkeeszonnebrandcreme.nl\/de\/produkt\/1-liter-nachfuellpackung-natuerlicher-sonnenschutz-30-spf\/","og_site_name":"Sunny Paul Sonnencreme","article_modified_time":"2026-04-10T08:14:52+00:00","og_image":[{"width":768,"height":768,"url":"https:\/\/smeerkeeszonnebrandcreme.nl\/app\/uploads\/2025\/12\/zonnebrandcreme-spf30-1l.png","type":"image\/png"}],"twitter_card":"summary_large_image","schema":{"@context":"https:\/\/schema.org","@graph":[{"@type":"WebPage","@id":"https:\/\/smeerkeeszonnebrandcreme.nl\/de\/produkt\/1-liter-nachfuellpackung-natuerlicher-sonnenschutz-30-spf\/","url":"https:\/\/smeerkeeszonnebrandcreme.nl\/de\/produkt\/1-liter-nachfuellpackung-natuerlicher-sonnenschutz-30-spf\/","name":"1-Liter-Nachf\u00fcllpackung nat\u00fcrlicher Sonnenschutz 30 SPF - Sunny Paul Sonnencreme","isPartOf":{"@id":"https:\/\/smeerkeeszonnebrandcreme.nl\/de\/#website"},"primaryImageOfPage":{"@id":"https:\/\/smeerkeeszonnebrandcreme.nl\/de\/produkt\/1-liter-nachfuellpackung-natuerlicher-sonnenschutz-30-spf\/#primaryimage"},"image":{"@id":"https:\/\/smeerkeeszonnebrandcreme.nl\/de\/produkt\/1-liter-nachfuellpackung-natuerlicher-sonnenschutz-30-spf\/#primaryimage"},"thumbnailUrl":"https:\/\/smeerkeeszonnebrandcreme.nl\/app\/uploads\/2025\/12\/zonnebrandcreme-spf30-1l.png","datePublished":"2025-02-18T12:48:20+00:00","dateModified":"2026-04-10T08:14:52+00:00","breadcrumb":{"@id":"https:\/\/smeerkeeszonnebrandcreme.nl\/de\/produkt\/1-liter-nachfuellpackung-natuerlicher-sonnenschutz-30-spf\/#breadcrumb"},"inLanguage":"de-DE","potentialAction":[{"@type":"ReadAction","target":["https:\/\/smeerkeeszonnebrandcreme.nl\/de\/produkt\/1-liter-nachfuellpackung-natuerlicher-sonnenschutz-30-spf\/"]}]},{"@type":"ImageObject","inLanguage":"de-DE","@id":"https:\/\/smeerkeeszonnebrandcreme.nl\/de\/produkt\/1-liter-nachfuellpackung-natuerlicher-sonnenschutz-30-spf\/#primaryimage","url":"https:\/\/smeerkeeszonnebrandcreme.nl\/app\/uploads\/2025\/12\/zonnebrandcreme-spf30-1l.png","contentUrl":"https:\/\/smeerkeeszonnebrandcreme.nl\/app\/uploads\/2025\/12\/zonnebrandcreme-spf30-1l.png","width":768,"height":768},{"@type":"BreadcrumbList","@id":"https:\/\/smeerkeeszonnebrandcreme.nl\/de\/produkt\/1-liter-nachfuellpackung-natuerlicher-sonnenschutz-30-spf\/#breadcrumb","itemListElement":[{"@type":"ListItem","position":1,"name":"Startseite","item":"https:\/\/smeerkeeszonnebrandcreme.nl\/de\/"},{"@type":"ListItem","position":2,"name":"Shop","item":"https:\/\/smeerkeeszonnebrandcreme.nl\/de\/shop\/"},{"@type":"ListItem","position":3,"name":"1-Liter-Nachf\u00fcllpackung nat\u00fcrlicher Sonnenschutz 30 SPF"}]},{"@type":"WebSite","@id":"https:\/\/smeerkeeszonnebrandcreme.nl\/de\/#website","url":"https:\/\/smeerkeeszonnebrandcreme.nl\/de\/","name":"Sunny Paul Sonnencreme","description":"Smeer vandaag. Straal morgen.","potentialAction":[{"@type":"SearchAction","target":{"@type":"EntryPoint","urlTemplate":"https:\/\/smeerkeeszonnebrandcreme.nl\/de\/?s={search_term_string}"},"query-input":{"@type":"PropertyValueSpecification","valueRequired":true,"valueName":"search_term_string"}}],"inLanguage":"de-DE"}]}},"_links":{"self":[{"href":"https:\/\/smeerkeeszonnebrandcreme.nl\/de\/wp-json\/wp\/v2\/product\/1188","targetHints":{"allow":["GET"]}}],"collection":[{"href":"https:\/\/smeerkeeszonnebrandcreme.nl\/de\/wp-json\/wp\/v2\/product"}],"about":[{"href":"https:\/\/smeerkeeszonnebrandcreme.nl\/de\/wp-json\/wp\/v2\/types\/product"}],"wp:featuredmedia":[{"embeddable":true,"href":"https:\/\/smeerkeeszonnebrandcreme.nl\/de\/wp-json\/wp\/v2\/media\/62"}],"wp:attachment":[{"href":"https:\/\/smeerkeeszonnebrandcreme.nl\/de\/wp-json\/wp\/v2\/media?parent=1188"}],"wp:term":[{"taxonomy":"product_brand","embeddable":true,"href":"https:\/\/smeerkeeszonnebrandcreme.nl\/de\/wp-json\/wp\/v2\/product_brand?post=1188"},{"taxonomy":"product_cat","embeddable":true,"href":"https:\/\/smeerkeeszonnebrandcreme.nl\/de\/wp-json\/wp\/v2\/product_cat?post=1188"},{"taxonomy":"product_tag","embeddable":true,"href":"https:\/\/smeerkeeszonnebrandcreme.nl\/de\/wp-json\/wp\/v2\/product_tag?post=1188"}],"curies":[{"name":"wp","href":"https:\/\/api.w.org\/{rel}","templated":true}]}}