{"id":1264,"date":"2026-01-05T10:23:32","date_gmt":"2026-01-05T10:23:32","guid":{"rendered":"https:\/\/smeerkeeszonnebrandcreme.nl\/unternehmen-organisationen\/sonnencreme-spender\/"},"modified":"2026-04-08T08:27:23","modified_gmt":"2026-04-08T08:27:23","slug":"sonnencreme-spender","status":"publish","type":"page","link":"https:\/\/smeerkeeszonnebrandcreme.nl\/de\/unternehmen-organisationen\/sonnencreme-spender\/","title":{"rendered":"Sonnencreme-Spender"},"content":{"rendered":"<div class=\"slide-effect my-4 my-lg-5\">\n    <div class=\"block block-text-img pb-0\">\n        \n        <div class=\"container\">\n            <div class=\"row justify-content-lg-between  \">\n\n                                    <div class=\"col-12 col-lg-5 order-2 order-lg-1 \">\n                        <p>Eine professionelle L\u00f6sung f\u00fcr Standorte, die die Kontrolle \u00fcber den Sonnenschutz behalten m\u00f6chten.<\/p>\n<p>Nicht jeder Standort verlangt nach einem freistehenden Sonnenmast mit voller Pflege. F\u00fcr kleinere, geschlossene Umgebungen bieten unsere Sonnenschutzmittelspender eine kompakte und effektive L\u00f6sung. Denken Sie an Sportvereine, B\u00fcros, Schwimmb\u00e4der, Kinderbetreuungseinrichtungen, Gesundheitseinrichtungen oder interne Firmengeb\u00e4ude.<\/p>\n<p>Der Spender ist einfach zu platzieren, sofort einsatzbereit und f\u00fcr eine intensive Nutzung konzipiert. In Kombination mit unserem hochwertigen Sonnenschutzmittel mit LSF 30 bieten Sie Besuchern, Mitarbeitern oder Mitgliedern eine ansprechende M\u00f6glichkeit, sich vor sch\u00e4dlichen UV-Strahlen zu sch\u00fctzen.<\/p>\n<p>So leisten Sie einen sichtbaren Beitrag zur Hautkrebspr\u00e4vention, ohne komplizierte Installation oder Betriebsaufwand.<\/p>\n<p>Professionell. Ordentlich. Gut geregelt.<\/p>\n\n                                            <\/div>\n                    <div class=\"col-12 col-lg-6 mb-4 mb-lg-0 order-1 order-lg-2\">\n                                                    <div class=\"img-wrapper full\">\n                                <img loading=\"lazy\" decoding=\"async\" width=\"1024\" height=\"829\" src=\"https:\/\/smeerkeeszonnebrandcreme.nl\/app\/uploads\/2026\/03\/kees_paul-1-1024x829.png\" class=\"attachment-large size-large\" alt=\"\" srcset=\"https:\/\/smeerkeeszonnebrandcreme.nl\/app\/uploads\/2026\/03\/kees_paul-1-1024x829.png 1024w, https:\/\/smeerkeeszonnebrandcreme.nl\/app\/uploads\/2026\/03\/kees_paul-1-300x243.png 300w, https:\/\/smeerkeeszonnebrandcreme.nl\/app\/uploads\/2026\/03\/kees_paul-1-768x622.png 768w, https:\/\/smeerkeeszonnebrandcreme.nl\/app\/uploads\/2026\/03\/kees_paul-1-600x486.png 600w, https:\/\/smeerkeeszonnebrandcreme.nl\/app\/uploads\/2026\/03\/kees_paul-1.png 1335w\" sizes=\"auto, (max-width: 1024px) 100vw, 1024px\" \/>                            <\/div>\n                                            <\/div>\n                \n                \n            <\/div>\n        <\/div>\n    <\/div>\n<\/div><div class=\"slide-effect my-4 my-lg-5\">\n    <div class=\"block block-zonnebrandpaal\">\n        <div class=\"container\">\n\n            <div class=\"row  justify-content-between align-items-center\">\n                <div class=\"col-12 col-lg-5 mb-4 mb-lg-0\">\n                    <div class=\"slide-card-wrapper\">\n                                                <ul class=\"dots\">\n                                                    <\/ul>\n\n                    <\/div>\n                <\/div>\n\n                <div class=\"col-12 col-lg-6\">\n\n                                                                            <\/div>\n            <\/div>\n        <\/div>\n    <\/div>\n<\/div><div class=\"slide-effect my-4 my-lg-5\">\n    <div class=\"block block-img-cards\">\n        <div class=\"container-fluid container-lg\">\n            <div class=\"row mb-4\">\n                <div class=\"col-12\">\n                    <h2 style=\"text-align: center\">Der Spender<\/h2>\n                    \n                <\/div>\n            <\/div>\n            <div class=\"row\">\n                <div class=\"col-12\">\n                    <div class=\"wrapper\">\n                        <div class=\"content-wrapper\">\n                            <div class=\"row justify-content-between align-items-center d-none d-lg-flex \">\n                                <div class=\"col-12 col-lg-4\">\n                                                                            <div class=\"card card-info card_01\">\n                                            <div class=\"card-body d-flex flex-column\">\n                                                <div class=\"card-text my-auto\"><p>ddd<br \/>\ndd<br \/>\ndd<br \/>\ndd<\/p>\n<\/div>\n                                            <\/div>\n                                        <\/div>\n                                                                                                                <div class=\"card card-info card_02\">\n                                            <div class=\"card-body d-flex flex-column\">\n                                                <div class=\"card-text my-auto\"><p>ddd<br \/>\ndd<br \/>\ndd<br \/>\ndd<\/p>\n<\/div>\n                                            <\/div>\n                                        <\/div>\n                                                                    <\/div>\n                                <div class=\"col-12 col-lg-4\">\n                                                                            <div class=\"card card-info card_03\">\n                                            <div class=\"card-body d-flex flex-column\">\n                                                <div class=\"card-text my-auto\"><p>ddd<br \/>\ndd<br \/>\ndd<br \/>\ndd<\/p>\n<\/div>\n                                            <\/div>\n                                        <\/div>\n                                                                                                        <\/div>\n                            <\/div>\n\n                            <div class=\"row justify-content-between d-lg-none\">\n                                <div class=\"col-7 col-md-6\">\n                                                                            <div class=\"card card-info card_01\">\n                                            <div class=\"card-body d-flex flex-column\">\n                                                <div class=\"card-text my-auto\"><p>ddd<br \/>\ndd<br \/>\ndd<br \/>\ndd<\/p>\n<\/div>\n                                            <\/div>\n                                        <\/div>\n                                                                                                                <div class=\"card card-info card_02\">\n                                            <div class=\"card-body d-flex flex-column\">\n                                                <div class=\"card-text my-auto\"><p>ddd<br \/>\ndd<br \/>\ndd<br \/>\ndd<\/p>\n<\/div>\n                                            <\/div>\n                                        <\/div>\n                                                          \n                                                                            <div class=\"card card-info card_03\">\n                                            <div class=\"card-body d-flex flex-column\">\n                                                <div class=\"card-text my-auto\"><p>ddd<br \/>\ndd<br \/>\ndd<br \/>\ndd<\/p>\n<\/div>\n                                            <\/div>\n                                        <\/div>\n                                                                                                        <\/div>\n                                <div class=\"col\">\n                                                                            <div class=\"img-wrapper\">\n                                            <img loading=\"lazy\" decoding=\"async\" width=\"683\" height=\"1024\" src=\"https:\/\/smeerkeeszonnebrandcreme.nl\/app\/uploads\/2026\/01\/zonnebrand-dispenser-no-shadow-683x1024.png\" class=\"attachment-large size-large\" alt=\"\" srcset=\"https:\/\/smeerkeeszonnebrandcreme.nl\/app\/uploads\/2026\/01\/zonnebrand-dispenser-no-shadow-683x1024.png 683w, https:\/\/smeerkeeszonnebrandcreme.nl\/app\/uploads\/2026\/01\/zonnebrand-dispenser-no-shadow-200x300.png 200w, https:\/\/smeerkeeszonnebrandcreme.nl\/app\/uploads\/2026\/01\/zonnebrand-dispenser-no-shadow-768x1152.png 768w, https:\/\/smeerkeeszonnebrandcreme.nl\/app\/uploads\/2026\/01\/zonnebrand-dispenser-no-shadow-600x900.png 600w, https:\/\/smeerkeeszonnebrandcreme.nl\/app\/uploads\/2026\/01\/zonnebrand-dispenser-no-shadow.png 1024w\" sizes=\"auto, (max-width: 683px) 100vw, 683px\" \/>                                        <\/div>\n                                                                    <\/div>\n                            <\/div>\n\n                        <\/div>\n\n\n                                                    <div class=\"img-wrapper d-lg-block d-none\">\n                                <img loading=\"lazy\" decoding=\"async\" width=\"683\" height=\"1024\" src=\"https:\/\/smeerkeeszonnebrandcreme.nl\/app\/uploads\/2026\/01\/zonnebrand-dispenser-no-shadow-683x1024.png\" class=\"attachment-large size-large\" alt=\"\" srcset=\"https:\/\/smeerkeeszonnebrandcreme.nl\/app\/uploads\/2026\/01\/zonnebrand-dispenser-no-shadow-683x1024.png 683w, https:\/\/smeerkeeszonnebrandcreme.nl\/app\/uploads\/2026\/01\/zonnebrand-dispenser-no-shadow-200x300.png 200w, https:\/\/smeerkeeszonnebrandcreme.nl\/app\/uploads\/2026\/01\/zonnebrand-dispenser-no-shadow-768x1152.png 768w, https:\/\/smeerkeeszonnebrandcreme.nl\/app\/uploads\/2026\/01\/zonnebrand-dispenser-no-shadow-600x900.png 600w, https:\/\/smeerkeeszonnebrandcreme.nl\/app\/uploads\/2026\/01\/zonnebrand-dispenser-no-shadow.png 1024w\" sizes=\"auto, (max-width: 683px) 100vw, 683px\" \/>                            <\/div>\n                        \n                    <\/div>\n                <\/div>\n            <\/div>\n        <\/div>\n    <\/div>\n<\/div><div class=\"slide-effect my-4 my-lg-5\">\n    <div class=\"block block-w-new-products\">\n        <div class=\"container\">\n            <div class=\"row\">\n\n                                    <div class=\"col-12 mb-4\">\n                        <h2 class=\"block-title text-center\">\u00c4hnliche Produkte<\/h2>\n                    <\/div>\n                \n                                    <div class=\"col-12\">\n                        <div class=\"woocommerce columns-4 \">\n                                                            <ul class=\"products columns-4\">\n\n                                    <li class=\"product type-product post-1195 status-publish first instock product_cat-dispenser product_cat-post-mit-sonnenbrand has-post-thumbnail taxable shipping-taxable product-type-simple\">\n\t<div class=\"card card-product h-100\"><div class=\"card-body\"><a href=\"https:\/\/smeerkeeszonnebrandcreme.nl\/de\/produkt\/greaseball-sunburn-post\/\" class=\"woocommerce-LoopProduct-link woocommerce-loop-product__link\"><div class=\"img-wrapper\"><img loading=\"lazy\" decoding=\"async\" width=\"300\" height=\"300\" src=\"https:\/\/smeerkeeszonnebrandcreme.nl\/app\/uploads\/2025\/02\/sunscreen-station-300x300.png\" class=\"attachment-woocommerce_thumbnail size-woocommerce_thumbnail\" alt=\"Sunny Paul Sonnenbrand post\" srcset=\"https:\/\/smeerkeeszonnebrandcreme.nl\/app\/uploads\/2025\/02\/sunscreen-station-300x300.png 300w, https:\/\/smeerkeeszonnebrandcreme.nl\/app\/uploads\/2025\/02\/sunscreen-station-1024x1024.png 1024w, https:\/\/smeerkeeszonnebrandcreme.nl\/app\/uploads\/2025\/02\/sunscreen-station-150x150.png 150w, https:\/\/smeerkeeszonnebrandcreme.nl\/app\/uploads\/2025\/02\/sunscreen-station-768x768.png 768w, https:\/\/smeerkeeszonnebrandcreme.nl\/app\/uploads\/2025\/02\/sunscreen-station-1536x1536.png 1536w, https:\/\/smeerkeeszonnebrandcreme.nl\/app\/uploads\/2025\/02\/sunscreen-station-2048x2048.png 2048w, https:\/\/smeerkeeszonnebrandcreme.nl\/app\/uploads\/2025\/02\/sunscreen-station-600x600.png 600w, https:\/\/smeerkeeszonnebrandcreme.nl\/app\/uploads\/2025\/02\/sunscreen-station-100x100.png 100w\" sizes=\"auto, (max-width: 300px) 100vw, 300px\" \/><\/div><h2 class=\"woocommerce-loop-product__title\">Sunny Paul Sonnenbrand post<\/h2>\n<\/a><a href=\"https:\/\/smeerkeeszonnebrandcreme.nl\/de\/produkt\/greaseball-sunburn-post\/#qoute_form\" aria-describedby=\"woocommerce_loop_add_to_cart_link_describedby_1195\" data-quantity=\"1\" class=\"button product_type_simple\" data-product_id=\"1195\" data-product_sku=\"\" aria-label=\"Lese mehr \u00fcber &#8222;Sunny Paul Sonnenbrand post&#8220;\" rel=\"nofollow\" data-success_message=\"\">Angebot beantragen<\/a>\t<span id=\"woocommerce_loop_add_to_cart_link_describedby_1195\" class=\"screen-reader-text\">\n\t\t\t<\/span>\n<\/div><\/div><\/li>\n<li class=\"product type-product post-1209 status-publish instock product_cat-dispenser has-post-thumbnail taxable shipping-taxable purchasable product-type-simple\">\n\t<div class=\"card card-product h-100\"><div class=\"card-body\"><a href=\"https:\/\/smeerkeeszonnebrandcreme.nl\/de\/produkt\/sonnencreme-spender\/\" class=\"woocommerce-LoopProduct-link woocommerce-loop-product__link\"><div class=\"img-wrapper\"><img loading=\"lazy\" decoding=\"async\" width=\"300\" height=\"300\" src=\"https:\/\/smeerkeeszonnebrandcreme.nl\/app\/uploads\/2026\/01\/zonnebrand-dispenser-no-shadow-300x300.png\" class=\"attachment-woocommerce_thumbnail size-woocommerce_thumbnail\" alt=\"Sonnencreme-Spender\" srcset=\"https:\/\/smeerkeeszonnebrandcreme.nl\/app\/uploads\/2026\/01\/zonnebrand-dispenser-no-shadow-300x300.png 300w, https:\/\/smeerkeeszonnebrandcreme.nl\/app\/uploads\/2026\/01\/zonnebrand-dispenser-no-shadow-150x150.png 150w, https:\/\/smeerkeeszonnebrandcreme.nl\/app\/uploads\/2026\/01\/zonnebrand-dispenser-no-shadow-100x100.png 100w\" sizes=\"auto, (max-width: 300px) 100vw, 300px\" \/><\/div><h2 class=\"woocommerce-loop-product__title\">Sonnencreme-Spender<\/h2>\n\t<span class=\"price\"><span class=\"woocommerce-Price-amount amount\"><bdi><span class=\"woocommerce-Price-currencySymbol\">&euro;<\/span>&nbsp;179,00<\/bdi><\/span><\/span>\n<div class=\"price-excl-btw\">zzgl. MwSt.<\/div><\/a><a href=\"\/de\/wp-json\/wp\/v2\/pages\/1264?add-to-cart=1209\" aria-describedby=\"woocommerce_loop_add_to_cart_link_describedby_1209\" data-quantity=\"1\" class=\"button product_type_simple add_to_cart_button ajax_add_to_cart\" data-product_id=\"1209\" data-product_sku=\"\" aria-label=\"In den Warenkorb legen: \u201eSonnencreme-Spender\u201c\" rel=\"nofollow\" data-success_message=\"\u201eSonnencreme-Spender\u201c wurde deinem Warenkorb hinzugef\u00fcgt\" role=\"button\">In den Warenkorb<\/a>\t<span id=\"woocommerce_loop_add_to_cart_link_describedby_1209\" class=\"screen-reader-text\">\n\t\t\t<\/span>\n<\/div><\/div><\/li>\n                                <\/ul>\n                                                    <\/div>\n                    <\/div>\n                            <\/div>\n        <\/div>\n    <\/div>\n<\/div>\n\n\n","protected":false},"excerpt":{"rendered":"","protected":false},"author":1,"featured_media":0,"parent":1151,"menu_order":0,"comment_status":"closed","ping_status":"closed","template":"","meta":{"_acf_changed":false,"footnotes":""},"class_list":["post-1264","page","type-page","status-publish","hentry"],"acf":[],"yoast_head":"<!-- This site is optimized with the Yoast SEO plugin v27.3 - https:\/\/yoast.com\/product\/yoast-seo-wordpress\/ -->\n<title>Sonnencreme-Spender - Sunny Paul Sonnencreme<\/title>\n<meta name=\"robots\" content=\"index, follow, max-snippet:-1, max-image-preview:large, max-video-preview:-1\" \/>\n<link rel=\"canonical\" href=\"https:\/\/smeerkeeszonnebrandcreme.nl\/de\/unternehmen-organisationen\/sonnencreme-spender\/\" \/>\n<meta property=\"og:locale\" content=\"de_DE\" \/>\n<meta property=\"og:type\" content=\"article\" \/>\n<meta property=\"og:title\" content=\"Sonnencreme-Spender - Sunny Paul Sonnencreme\" \/>\n<meta property=\"og:url\" content=\"https:\/\/smeerkeeszonnebrandcreme.nl\/de\/unternehmen-organisationen\/sonnencreme-spender\/\" \/>\n<meta property=\"og:site_name\" content=\"Sunny Paul Sonnencreme\" \/>\n<meta property=\"article:modified_time\" content=\"2026-04-08T08:27:23+00:00\" \/>\n<meta name=\"twitter:card\" content=\"summary_large_image\" \/>\n<script type=\"application\/ld+json\" class=\"yoast-schema-graph\">{\"@context\":\"https:\\\/\\\/schema.org\",\"@graph\":[{\"@type\":\"WebPage\",\"@id\":\"https:\\\/\\\/smeerkeeszonnebrandcreme.nl\\\/de\\\/unternehmen-organisationen\\\/sonnencreme-spender\\\/\",\"url\":\"https:\\\/\\\/smeerkeeszonnebrandcreme.nl\\\/de\\\/unternehmen-organisationen\\\/sonnencreme-spender\\\/\",\"name\":\"Sonnencreme-Spender - Sunny Paul Sonnencreme\",\"isPartOf\":{\"@id\":\"https:\\\/\\\/smeerkeeszonnebrandcreme.nl\\\/de\\\/#website\"},\"datePublished\":\"2026-01-05T10:23:32+00:00\",\"dateModified\":\"2026-04-08T08:27:23+00:00\",\"breadcrumb\":{\"@id\":\"https:\\\/\\\/smeerkeeszonnebrandcreme.nl\\\/de\\\/unternehmen-organisationen\\\/sonnencreme-spender\\\/#breadcrumb\"},\"inLanguage\":\"de-DE\",\"potentialAction\":[{\"@type\":\"ReadAction\",\"target\":[\"https:\\\/\\\/smeerkeeszonnebrandcreme.nl\\\/de\\\/unternehmen-organisationen\\\/sonnencreme-spender\\\/\"]}]},{\"@type\":\"BreadcrumbList\",\"@id\":\"https:\\\/\\\/smeerkeeszonnebrandcreme.nl\\\/de\\\/unternehmen-organisationen\\\/sonnencreme-spender\\\/#breadcrumb\",\"itemListElement\":[{\"@type\":\"ListItem\",\"position\":1,\"name\":\"Startseite\",\"item\":\"https:\\\/\\\/smeerkeeszonnebrandcreme.nl\\\/de\\\/\"},{\"@type\":\"ListItem\",\"position\":2,\"name\":\"Unternehmen &amp; Organisationen\",\"item\":\"https:\\\/\\\/smeerkeeszonnebrandcreme.nl\\\/de\\\/unternehmen-organisationen\\\/\"},{\"@type\":\"ListItem\",\"position\":3,\"name\":\"Sonnencreme-Spender\"}]},{\"@type\":\"WebSite\",\"@id\":\"https:\\\/\\\/smeerkeeszonnebrandcreme.nl\\\/de\\\/#website\",\"url\":\"https:\\\/\\\/smeerkeeszonnebrandcreme.nl\\\/de\\\/\",\"name\":\"Sunny Paul Sonnencreme\",\"description\":\"Smeer vandaag. Straal morgen.\",\"potentialAction\":[{\"@type\":\"SearchAction\",\"target\":{\"@type\":\"EntryPoint\",\"urlTemplate\":\"https:\\\/\\\/smeerkeeszonnebrandcreme.nl\\\/de\\\/?s={search_term_string}\"},\"query-input\":{\"@type\":\"PropertyValueSpecification\",\"valueRequired\":true,\"valueName\":\"search_term_string\"}}],\"inLanguage\":\"de-DE\"}]}<\/script>\n<!-- \/ Yoast SEO plugin. -->","yoast_head_json":{"title":"Sonnencreme-Spender - Sunny Paul Sonnencreme","robots":{"index":"index","follow":"follow","max-snippet":"max-snippet:-1","max-image-preview":"max-image-preview:large","max-video-preview":"max-video-preview:-1"},"canonical":"https:\/\/smeerkeeszonnebrandcreme.nl\/de\/unternehmen-organisationen\/sonnencreme-spender\/","og_locale":"de_DE","og_type":"article","og_title":"Sonnencreme-Spender - Sunny Paul Sonnencreme","og_url":"https:\/\/smeerkeeszonnebrandcreme.nl\/de\/unternehmen-organisationen\/sonnencreme-spender\/","og_site_name":"Sunny Paul Sonnencreme","article_modified_time":"2026-04-08T08:27:23+00:00","twitter_card":"summary_large_image","schema":{"@context":"https:\/\/schema.org","@graph":[{"@type":"WebPage","@id":"https:\/\/smeerkeeszonnebrandcreme.nl\/de\/unternehmen-organisationen\/sonnencreme-spender\/","url":"https:\/\/smeerkeeszonnebrandcreme.nl\/de\/unternehmen-organisationen\/sonnencreme-spender\/","name":"Sonnencreme-Spender - Sunny Paul Sonnencreme","isPartOf":{"@id":"https:\/\/smeerkeeszonnebrandcreme.nl\/de\/#website"},"datePublished":"2026-01-05T10:23:32+00:00","dateModified":"2026-04-08T08:27:23+00:00","breadcrumb":{"@id":"https:\/\/smeerkeeszonnebrandcreme.nl\/de\/unternehmen-organisationen\/sonnencreme-spender\/#breadcrumb"},"inLanguage":"de-DE","potentialAction":[{"@type":"ReadAction","target":["https:\/\/smeerkeeszonnebrandcreme.nl\/de\/unternehmen-organisationen\/sonnencreme-spender\/"]}]},{"@type":"BreadcrumbList","@id":"https:\/\/smeerkeeszonnebrandcreme.nl\/de\/unternehmen-organisationen\/sonnencreme-spender\/#breadcrumb","itemListElement":[{"@type":"ListItem","position":1,"name":"Startseite","item":"https:\/\/smeerkeeszonnebrandcreme.nl\/de\/"},{"@type":"ListItem","position":2,"name":"Unternehmen &amp; Organisationen","item":"https:\/\/smeerkeeszonnebrandcreme.nl\/de\/unternehmen-organisationen\/"},{"@type":"ListItem","position":3,"name":"Sonnencreme-Spender"}]},{"@type":"WebSite","@id":"https:\/\/smeerkeeszonnebrandcreme.nl\/de\/#website","url":"https:\/\/smeerkeeszonnebrandcreme.nl\/de\/","name":"Sunny Paul Sonnencreme","description":"Smeer vandaag. Straal morgen.","potentialAction":[{"@type":"SearchAction","target":{"@type":"EntryPoint","urlTemplate":"https:\/\/smeerkeeszonnebrandcreme.nl\/de\/?s={search_term_string}"},"query-input":{"@type":"PropertyValueSpecification","valueRequired":true,"valueName":"search_term_string"}}],"inLanguage":"de-DE"}]}},"_links":{"self":[{"href":"https:\/\/smeerkeeszonnebrandcreme.nl\/de\/wp-json\/wp\/v2\/pages\/1264","targetHints":{"allow":["GET"]}}],"collection":[{"href":"https:\/\/smeerkeeszonnebrandcreme.nl\/de\/wp-json\/wp\/v2\/pages"}],"about":[{"href":"https:\/\/smeerkeeszonnebrandcreme.nl\/de\/wp-json\/wp\/v2\/types\/page"}],"author":[{"embeddable":true,"href":"https:\/\/smeerkeeszonnebrandcreme.nl\/de\/wp-json\/wp\/v2\/users\/1"}],"replies":[{"embeddable":true,"href":"https:\/\/smeerkeeszonnebrandcreme.nl\/de\/wp-json\/wp\/v2\/comments?post=1264"}],"version-history":[{"count":1,"href":"https:\/\/smeerkeeszonnebrandcreme.nl\/de\/wp-json\/wp\/v2\/pages\/1264\/revisions"}],"predecessor-version":[{"id":1265,"href":"https:\/\/smeerkeeszonnebrandcreme.nl\/de\/wp-json\/wp\/v2\/pages\/1264\/revisions\/1265"}],"up":[{"embeddable":true,"href":"https:\/\/smeerkeeszonnebrandcreme.nl\/de\/wp-json\/wp\/v2\/pages\/1151"}],"wp:attachment":[{"href":"https:\/\/smeerkeeszonnebrandcreme.nl\/de\/wp-json\/wp\/v2\/media?parent=1264"}],"curies":[{"name":"wp","href":"https:\/\/api.w.org\/{rel}","templated":true}]}}