{"id":1151,"date":"2026-01-05T10:22:38","date_gmt":"2026-01-05T10:22:38","guid":{"rendered":"https:\/\/smeerkeeszonnebrandcreme.nl\/unternehmen-organisationen\/"},"modified":"2026-04-08T08:22:46","modified_gmt":"2026-04-08T08:22:46","slug":"unternehmen-organisationen","status":"publish","type":"page","link":"https:\/\/smeerkeeszonnebrandcreme.nl\/de\/unternehmen-organisationen\/","title":{"rendered":"Unternehmen &amp; Organisationen"},"content":{"rendered":"<div class=\"slide-effect my-4 my-lg-5\">\n    <div class=\"block block-text\">\n        <div class=\" container\">\n            <div class=\"row\">\n                                    <div class=\"col-12 col-lg-10 col-xxl-8 mx-auto\">\n                    \n                    \n                        <p><strong data-start=\"110\" data-end=\"210\">Es gibt f\u00fcr jeden Ort und jedes Unternehmen einen geeigneten Weg, Sonnenschutz zu bieten.<\/strong><\/p>\n<p data-start=\"212\" data-end=\"774\">Ob f\u00fcr eine Gemeinde, ein Festival, einen Veranstaltungsort, einen Park, eine Schule oder eine Markenkampagne, wir bieten immer eine L\u00f6sung, die zu Ihrer Situation passt. Die Smeerkees Sonnenbrandst\u00e4nder sind ideal f\u00fcr feste Standorte in \u00f6ffentlichen oder halb\u00f6ffentlichen R\u00e4umen, wo Entspannung und Kontinuit\u00e4t wichtig sind. Unsere gebrandeten Sonnenbrands\u00e4ulen eignen sich f\u00fcr Veranstaltungen, Aktivierungen oder als greifbares Werbegeschenk mit sozialer Wirkung. F\u00fcr kleinere oder abgegrenzte Standorte, an denen Sie es selbst in die Hand nehmen m\u00f6chten, bieten wir individuelle Sonnenbrandspender an.   <\/p>\n\n                                                                        <\/div>\n                                                    <\/div>\n        <\/div>\n    <\/div>\n<\/div>","protected":false},"excerpt":{"rendered":"","protected":false},"author":1,"featured_media":0,"parent":0,"menu_order":0,"comment_status":"closed","ping_status":"closed","template":"","meta":{"_acf_changed":false,"footnotes":""},"class_list":["post-1151","page","type-page","status-publish","hentry"],"acf":[],"yoast_head":"<!-- This site is optimized with the Yoast SEO plugin v27.3 - https:\/\/yoast.com\/product\/yoast-seo-wordpress\/ -->\n<title>Unternehmen &amp; Organisationen - Sunny Paul Sonnencreme<\/title>\n<meta name=\"robots\" content=\"index, follow, max-snippet:-1, max-image-preview:large, max-video-preview:-1\" \/>\n<link rel=\"canonical\" href=\"https:\/\/smeerkeeszonnebrandcreme.nl\/de\/unternehmen-organisationen\/\" \/>\n<meta property=\"og:locale\" content=\"de_DE\" \/>\n<meta property=\"og:type\" content=\"article\" \/>\n<meta property=\"og:title\" content=\"Unternehmen &amp; Organisationen - Sunny Paul Sonnencreme\" \/>\n<meta property=\"og:url\" content=\"https:\/\/smeerkeeszonnebrandcreme.nl\/de\/unternehmen-organisationen\/\" \/>\n<meta property=\"og:site_name\" content=\"Sunny Paul Sonnencreme\" \/>\n<meta property=\"article:modified_time\" content=\"2026-04-08T08:22:46+00:00\" \/>\n<meta name=\"twitter:card\" content=\"summary_large_image\" \/>\n<script type=\"application\/ld+json\" class=\"yoast-schema-graph\">{\"@context\":\"https:\\\/\\\/schema.org\",\"@graph\":[{\"@type\":\"WebPage\",\"@id\":\"https:\\\/\\\/smeerkeeszonnebrandcreme.nl\\\/de\\\/unternehmen-organisationen\\\/\",\"url\":\"https:\\\/\\\/smeerkeeszonnebrandcreme.nl\\\/de\\\/unternehmen-organisationen\\\/\",\"name\":\"Unternehmen &amp; Organisationen - Sunny Paul Sonnencreme\",\"isPartOf\":{\"@id\":\"https:\\\/\\\/smeerkeeszonnebrandcreme.nl\\\/de\\\/#website\"},\"datePublished\":\"2026-01-05T10:22:38+00:00\",\"dateModified\":\"2026-04-08T08:22:46+00:00\",\"breadcrumb\":{\"@id\":\"https:\\\/\\\/smeerkeeszonnebrandcreme.nl\\\/de\\\/unternehmen-organisationen\\\/#breadcrumb\"},\"inLanguage\":\"de-DE\",\"potentialAction\":[{\"@type\":\"ReadAction\",\"target\":[\"https:\\\/\\\/smeerkeeszonnebrandcreme.nl\\\/de\\\/unternehmen-organisationen\\\/\"]}]},{\"@type\":\"BreadcrumbList\",\"@id\":\"https:\\\/\\\/smeerkeeszonnebrandcreme.nl\\\/de\\\/unternehmen-organisationen\\\/#breadcrumb\",\"itemListElement\":[{\"@type\":\"ListItem\",\"position\":1,\"name\":\"Startseite\",\"item\":\"https:\\\/\\\/smeerkeeszonnebrandcreme.nl\\\/de\\\/\"},{\"@type\":\"ListItem\",\"position\":2,\"name\":\"Unternehmen &amp; Organisationen\"}]},{\"@type\":\"WebSite\",\"@id\":\"https:\\\/\\\/smeerkeeszonnebrandcreme.nl\\\/de\\\/#website\",\"url\":\"https:\\\/\\\/smeerkeeszonnebrandcreme.nl\\\/de\\\/\",\"name\":\"Sunny Paul Sonnencreme\",\"description\":\"Smeer vandaag. Straal morgen.\",\"potentialAction\":[{\"@type\":\"SearchAction\",\"target\":{\"@type\":\"EntryPoint\",\"urlTemplate\":\"https:\\\/\\\/smeerkeeszonnebrandcreme.nl\\\/de\\\/?s={search_term_string}\"},\"query-input\":{\"@type\":\"PropertyValueSpecification\",\"valueRequired\":true,\"valueName\":\"search_term_string\"}}],\"inLanguage\":\"de-DE\"}]}<\/script>\n<!-- \/ Yoast SEO plugin. -->","yoast_head_json":{"title":"Unternehmen &amp; Organisationen - Sunny Paul Sonnencreme","robots":{"index":"index","follow":"follow","max-snippet":"max-snippet:-1","max-image-preview":"max-image-preview:large","max-video-preview":"max-video-preview:-1"},"canonical":"https:\/\/smeerkeeszonnebrandcreme.nl\/de\/unternehmen-organisationen\/","og_locale":"de_DE","og_type":"article","og_title":"Unternehmen &amp; Organisationen - Sunny Paul Sonnencreme","og_url":"https:\/\/smeerkeeszonnebrandcreme.nl\/de\/unternehmen-organisationen\/","og_site_name":"Sunny Paul Sonnencreme","article_modified_time":"2026-04-08T08:22:46+00:00","twitter_card":"summary_large_image","schema":{"@context":"https:\/\/schema.org","@graph":[{"@type":"WebPage","@id":"https:\/\/smeerkeeszonnebrandcreme.nl\/de\/unternehmen-organisationen\/","url":"https:\/\/smeerkeeszonnebrandcreme.nl\/de\/unternehmen-organisationen\/","name":"Unternehmen &amp; Organisationen - Sunny Paul Sonnencreme","isPartOf":{"@id":"https:\/\/smeerkeeszonnebrandcreme.nl\/de\/#website"},"datePublished":"2026-01-05T10:22:38+00:00","dateModified":"2026-04-08T08:22:46+00:00","breadcrumb":{"@id":"https:\/\/smeerkeeszonnebrandcreme.nl\/de\/unternehmen-organisationen\/#breadcrumb"},"inLanguage":"de-DE","potentialAction":[{"@type":"ReadAction","target":["https:\/\/smeerkeeszonnebrandcreme.nl\/de\/unternehmen-organisationen\/"]}]},{"@type":"BreadcrumbList","@id":"https:\/\/smeerkeeszonnebrandcreme.nl\/de\/unternehmen-organisationen\/#breadcrumb","itemListElement":[{"@type":"ListItem","position":1,"name":"Startseite","item":"https:\/\/smeerkeeszonnebrandcreme.nl\/de\/"},{"@type":"ListItem","position":2,"name":"Unternehmen &amp; Organisationen"}]},{"@type":"WebSite","@id":"https:\/\/smeerkeeszonnebrandcreme.nl\/de\/#website","url":"https:\/\/smeerkeeszonnebrandcreme.nl\/de\/","name":"Sunny Paul Sonnencreme","description":"Smeer vandaag. Straal morgen.","potentialAction":[{"@type":"SearchAction","target":{"@type":"EntryPoint","urlTemplate":"https:\/\/smeerkeeszonnebrandcreme.nl\/de\/?s={search_term_string}"},"query-input":{"@type":"PropertyValueSpecification","valueRequired":true,"valueName":"search_term_string"}}],"inLanguage":"de-DE"}]}},"_links":{"self":[{"href":"https:\/\/smeerkeeszonnebrandcreme.nl\/de\/wp-json\/wp\/v2\/pages\/1151","targetHints":{"allow":["GET"]}}],"collection":[{"href":"https:\/\/smeerkeeszonnebrandcreme.nl\/de\/wp-json\/wp\/v2\/pages"}],"about":[{"href":"https:\/\/smeerkeeszonnebrandcreme.nl\/de\/wp-json\/wp\/v2\/types\/page"}],"author":[{"embeddable":true,"href":"https:\/\/smeerkeeszonnebrandcreme.nl\/de\/wp-json\/wp\/v2\/users\/1"}],"replies":[{"embeddable":true,"href":"https:\/\/smeerkeeszonnebrandcreme.nl\/de\/wp-json\/wp\/v2\/comments?post=1151"}],"version-history":[{"count":1,"href":"https:\/\/smeerkeeszonnebrandcreme.nl\/de\/wp-json\/wp\/v2\/pages\/1151\/revisions"}],"predecessor-version":[{"id":1152,"href":"https:\/\/smeerkeeszonnebrandcreme.nl\/de\/wp-json\/wp\/v2\/pages\/1151\/revisions\/1152"}],"wp:attachment":[{"href":"https:\/\/smeerkeeszonnebrandcreme.nl\/de\/wp-json\/wp\/v2\/media?parent=1151"}],"curies":[{"name":"wp","href":"https:\/\/api.w.org\/{rel}","templated":true}]}}